{"id":13906,"date":"2025-05-27T22:11:56","date_gmt":"2025-05-27T22:11:56","guid":{"rendered":"https:\/\/kstoryespana.com\/?product=mamamoo-7th-mini-album-red-moon"},"modified":"2026-05-03T20:37:11","modified_gmt":"2026-05-03T18:37:11","slug":"mamamoo-7th-mini-album-red-moon","status":"publish","type":"product","link":"https:\/\/kstoryespana.com\/es\/product\/mamamoo-7th-mini-album-red-moon\/","title":{"rendered":"MAMAMOO &#8211; 7th MINI ALBUM [RED MOON]"},"excerpt":{"rendered":"<p>Release date:\u00a0July 17th 2018. MAMAMOO &#8211; 7th MINI ALBUM [RED MOON] Noticia Importante:\u00a0La caja \/ caja exterior es simplemente para proteger la mercanc\u00eda. (Los da\u00f1os como ara\u00f1azos o decoloraci\u00f3n de la carcasa \/ caja no est\u00e1n cubiertos). \u00a0<\/p>\n","protected":false},"featured_media":36109,"template":"","meta":[],"product_brand":[4536],"product_cat":[7225,4400],"product_tag":[7698],"class_list":{"0":"post-13906","1":"product","2":"type-product","3":"status-publish","4":"has-post-thumbnail","6":"product_brand-stock-in-korea","7":"product_cat-album-2","8":"product_cat-kstoryfromkorea","9":"product_tag-mamamoo","11":"first","12":"instock","13":"taxable","14":"shipping-taxable","15":"purchasable","16":"product-type-simple"},"jetpack_sharing_enabled":true,"_links":{"self":[{"href":"https:\/\/kstoryespana.com\/es\/wp-json\/wp\/v2\/product\/13906","targetHints":{"allow":["GET"]}}],"collection":[{"href":"https:\/\/kstoryespana.com\/es\/wp-json\/wp\/v2\/product"}],"about":[{"href":"https:\/\/kstoryespana.com\/es\/wp-json\/wp\/v2\/types\/product"}],"wp:featuredmedia":[{"embeddable":true,"href":"https:\/\/kstoryespana.com\/es\/wp-json\/wp\/v2\/media\/36109"}],"wp:attachment":[{"href":"https:\/\/kstoryespana.com\/es\/wp-json\/wp\/v2\/media?parent=13906"}],"wp:term":[{"taxonomy":"product_brand","embeddable":true,"href":"https:\/\/kstoryespana.com\/es\/wp-json\/wp\/v2\/product_brand?post=13906"},{"taxonomy":"product_cat","embeddable":true,"href":"https:\/\/kstoryespana.com\/es\/wp-json\/wp\/v2\/product_cat?post=13906"},{"taxonomy":"product_tag","embeddable":true,"href":"https:\/\/kstoryespana.com\/es\/wp-json\/wp\/v2\/product_tag?post=13906"}],"curies":[{"name":"wp","href":"https:\/\/api.w.org\/{rel}","templated":true}]}}