{"id":13905,"date":"2025-05-27T22:11:56","date_gmt":"2025-05-27T22:11:56","guid":{"rendered":"https:\/\/kstoryespana.com\/?product=mamamoo-6th-mini-album-yellow-flower"},"modified":"2026-05-03T20:37:11","modified_gmt":"2026-05-03T18:37:11","slug":"mamamoo-6th-mini-album-yellow-flower","status":"publish","type":"product","link":"https:\/\/kstoryespana.com\/es\/producto\/mamamoo-6th-mini-album-yellow-flower\/","title":{"rendered":"MAMAMOO &#8211; 6th MINI ALBUM [YELLOW FLOWER]"},"content":{"rendered":"<div style=\"text-align: center;\" data-mce-style=\"text-align: center;\">\n<strong><strong><strong>Release date:<\/strong><\/strong><\/strong><strong><span style=\"color: #ff2a00;\" data-mce-style=\"color: #ff2a00;\">\u00a0March 8th\u00a02018.<\/span><\/strong><\/p>\n<div>\n<div>\n<div><strong><br \/><\/strong><\/div>\n<\/div>\n<\/div>\n<\/div>\n<ul data-mce-fragment=\"1\">\n<li><strong>MAMAMOO &#8211; 6th MINI ALBUM [YELLOW FLOWER]\n<p><\/strong><\/li>\n<li data-mce-fragment=\"1\">\n<b>Noticia Importante:\u00a0<\/b><br \/><b>La caja \/ caja exterior es simplemente para proteger la mercanc\u00eda. (Los da\u00f1os como ara\u00f1azos o decoloraci\u00f3n de la carcasa \/ caja no est\u00e1n cubiertos).<\/b>\n<\/li>\n<\/ul>\n<p>\u00a0<\/p>\n<div style=\"text-align: center;\"><img decoding=\"async\" alt=\"\" src=\"https:\/\/cdn.shopify.com\/s\/files\/1\/0579\/9454\/3257\/files\/YELLOW_FLOWER_2.jpg?v=1641474521\"><\/div>\n","protected":false},"excerpt":{"rendered":"<p>Release date:\u00a0March 8th\u00a02018. MAMAMOO &#8211; 6th MINI ALBUM [YELLOW FLOWER] Noticia Importante:\u00a0La caja \/ caja exterior es simplemente para proteger la mercanc\u00eda. (Los da\u00f1os como ara\u00f1azos o decoloraci\u00f3n de la carcasa \/ caja no est\u00e1n cubiertos). \u00a0<\/p>\n","protected":false},"featured_media":36108,"template":"","meta":[],"product_brand":[4536],"product_cat":[7225,4400],"product_tag":[7698],"class_list":{"0":"post-13905","1":"product","2":"type-product","3":"status-publish","4":"has-post-thumbnail","6":"product_brand-stock-in-korea","7":"product_cat-album-2","8":"product_cat-kstoryfromkorea","9":"product_tag-mamamoo","11":"first","12":"outofstock","13":"taxable","14":"shipping-taxable","15":"purchasable","16":"product-type-simple"},"jetpack_sharing_enabled":true,"_links":{"self":[{"href":"https:\/\/kstoryespana.com\/es\/wp-json\/wp\/v2\/product\/13905","targetHints":{"allow":["GET"]}}],"collection":[{"href":"https:\/\/kstoryespana.com\/es\/wp-json\/wp\/v2\/product"}],"about":[{"href":"https:\/\/kstoryespana.com\/es\/wp-json\/wp\/v2\/types\/product"}],"wp:featuredmedia":[{"embeddable":true,"href":"https:\/\/kstoryespana.com\/es\/wp-json\/wp\/v2\/media\/36108"}],"wp:attachment":[{"href":"https:\/\/kstoryespana.com\/es\/wp-json\/wp\/v2\/media?parent=13905"}],"wp:term":[{"taxonomy":"product_brand","embeddable":true,"href":"https:\/\/kstoryespana.com\/es\/wp-json\/wp\/v2\/product_brand?post=13905"},{"taxonomy":"product_cat","embeddable":true,"href":"https:\/\/kstoryespana.com\/es\/wp-json\/wp\/v2\/product_cat?post=13905"},{"taxonomy":"product_tag","embeddable":true,"href":"https:\/\/kstoryespana.com\/es\/wp-json\/wp\/v2\/product_tag?post=13905"}],"curies":[{"name":"wp","href":"https:\/\/api.w.org\/{rel}","templated":true}]}}