{"id":13538,"date":"2025-05-27T22:10:37","date_gmt":"2025-05-27T22:10:37","guid":{"rendered":"https:\/\/kstoryespana.com\/?product=lovers-of-the-red-sky-ost-album-usb"},"modified":"2026-04-20T23:27:28","modified_gmt":"2026-04-20T21:27:28","slug":"lovers-of-the-red-sky-ost-album-usb","status":"publish","type":"product","link":"https:\/\/kstoryespana.com\/es\/product\/lovers-of-the-red-sky-ost-album-usb\/","title":{"rendered":"Lovers of the Red Sky OST Album (USB)"},"content":{"rendered":"<p><strong>Lovers of the Red Sky OST Album (USB)<\/strong><\/p>\n<p>\u00a0<\/p>\n<p><strong>Each OST album includes:<\/strong><\/p>\n<ul>\n<li>Card-type USB + OST USB Card + Photo Book (68p)\u00a0+ Drawing Note + Bookmark + Photo Film + Poster<\/li>\n<\/ul>\n<p>\u00a0<\/p>\n<ul>\n<li data-mce-fragment=\"1\">\n<div data-en-clipboard=\"true\" data-pm-slice=\"0 0 []\"><strong><\/strong><\/div>\n<p><meta charset=\"utf-8\"><br \/>\n<b data-mce-fragment=\"1\">Noticia important :\u00a0La caja \/ caja exterior es simplemente para proteger la mercanc\u00eda. (Los da\u00f1os como ara\u00f1azos o decoloraci\u00f3n de la carcasa \/ caja no est\u00e1n cubiertos).<\/b>\n<\/li>\n<\/ul>\n<p><img decoding=\"async\" src=\"https:\/\/cdn.shopify.com\/s\/files\/1\/0019\/8102\/2321\/files\/lovers-of-the-red-sky-ost-album-details.jpg?v=1635228810\" alt=\"Lovers of the Red Sky OST Album (USB)\"><\/p>","protected":false},"excerpt":{"rendered":"<p>Lovers of the Red Sky OST Album (USB) \u00a0 Each OST album includes: Card-type USB + OST USB Card + Photo Book (68p)\u00a0+ Drawing Note + Bookmark + Photo Film + Poster \u00a0 Noticia important :\u00a0La caja \/ caja exterior es simplemente para proteger la mercanc\u00eda. (Los da\u00f1os como ara\u00f1azos o decoloraci\u00f3n de la carcasa [&hellip;]<\/p>\n","protected":false},"featured_media":35950,"template":"","meta":[],"product_brand":[4536],"product_cat":[4348,4400],"product_tag":[7688],"class_list":{"0":"post-13538","1":"product","2":"type-product","3":"status-publish","4":"has-post-thumbnail","6":"product_brand-stock-in-korea","7":"product_cat-k-product","8":"product_cat-kstoryfromkorea","9":"product_tag-lovers","11":"first","12":"instock","13":"taxable","14":"shipping-taxable","15":"purchasable","16":"product-type-simple"},"jetpack_sharing_enabled":true,"_links":{"self":[{"href":"https:\/\/kstoryespana.com\/es\/wp-json\/wp\/v2\/product\/13538","targetHints":{"allow":["GET"]}}],"collection":[{"href":"https:\/\/kstoryespana.com\/es\/wp-json\/wp\/v2\/product"}],"about":[{"href":"https:\/\/kstoryespana.com\/es\/wp-json\/wp\/v2\/types\/product"}],"wp:featuredmedia":[{"embeddable":true,"href":"https:\/\/kstoryespana.com\/es\/wp-json\/wp\/v2\/media\/35950"}],"wp:attachment":[{"href":"https:\/\/kstoryespana.com\/es\/wp-json\/wp\/v2\/media?parent=13538"}],"wp:term":[{"taxonomy":"product_brand","embeddable":true,"href":"https:\/\/kstoryespana.com\/es\/wp-json\/wp\/v2\/product_brand?post=13538"},{"taxonomy":"product_cat","embeddable":true,"href":"https:\/\/kstoryespana.com\/es\/wp-json\/wp\/v2\/product_cat?post=13538"},{"taxonomy":"product_tag","embeddable":true,"href":"https:\/\/kstoryespana.com\/es\/wp-json\/wp\/v2\/product_tag?post=13538"}],"curies":[{"name":"wp","href":"https:\/\/api.w.org\/{rel}","templated":true}]}}