{"id":13420,"date":"2025-05-27T22:10:00","date_gmt":"2025-05-27T22:10:00","guid":{"rendered":"https:\/\/kstoryespana.com\/?product=loona-summer-special-mini-album-flip-that"},"modified":"2026-05-03T22:05:56","modified_gmt":"2026-05-03T20:05:56","slug":"pre-order-loona-summer-special-mini-album-flip-that","status":"publish","type":"product","link":"https:\/\/kstoryespana.com\/es\/product\/pre-order-loona-summer-special-mini-album-flip-that\/","title":{"rendered":"LOONA &#8211; Summer Special Mini Album [Flip That]"},"excerpt":{"rendered":"<p>Release date: June\u00a021, 2022 LOONA &#8211; Summer Special Mini Album [Flip That] Pre-Order Gift | Pre-order only &#8211; 1 POSTER (Folded, On pack) ** Noticia importante : La caja \/ caja exterior es simplemente para proteger la mercanc\u00eda. (Los da\u00f1os como ara\u00f1azos o decoloraci\u00f3n de la carcasa \/ caja no est\u00e1n cubiertos).<\/p>\n","protected":false},"featured_media":35870,"template":"","meta":[],"product_brand":[4536],"product_cat":[7225,4400],"product_tag":[7680],"class_list":{"0":"post-13420","1":"product","2":"type-product","3":"status-publish","4":"has-post-thumbnail","6":"product_brand-stock-in-korea","7":"product_cat-album-2","8":"product_cat-kstoryfromkorea","9":"product_tag-loona","11":"first","12":"instock","13":"taxable","14":"shipping-taxable","15":"purchasable","16":"product-type-variable"},"jetpack_sharing_enabled":true,"_links":{"self":[{"href":"https:\/\/kstoryespana.com\/es\/wp-json\/wp\/v2\/product\/13420","targetHints":{"allow":["GET"]}}],"collection":[{"href":"https:\/\/kstoryespana.com\/es\/wp-json\/wp\/v2\/product"}],"about":[{"href":"https:\/\/kstoryespana.com\/es\/wp-json\/wp\/v2\/types\/product"}],"wp:featuredmedia":[{"embeddable":true,"href":"https:\/\/kstoryespana.com\/es\/wp-json\/wp\/v2\/media\/35870"}],"wp:attachment":[{"href":"https:\/\/kstoryespana.com\/es\/wp-json\/wp\/v2\/media?parent=13420"}],"wp:term":[{"taxonomy":"product_brand","embeddable":true,"href":"https:\/\/kstoryespana.com\/es\/wp-json\/wp\/v2\/product_brand?post=13420"},{"taxonomy":"product_cat","embeddable":true,"href":"https:\/\/kstoryespana.com\/es\/wp-json\/wp\/v2\/product_cat?post=13420"},{"taxonomy":"product_tag","embeddable":true,"href":"https:\/\/kstoryespana.com\/es\/wp-json\/wp\/v2\/product_tag?post=13420"}],"curies":[{"name":"wp","href":"https:\/\/api.w.org\/{rel}","templated":true}]}}