{"id":13364,"date":"2025-05-27T22:09:46","date_gmt":"2025-05-27T22:09:46","guid":{"rendered":"https:\/\/kstoryespana.com\/?product=leo-mini-3rd-album-piano-man-op-9"},"modified":"2026-05-03T20:36:43","modified_gmt":"2026-05-03T18:36:43","slug":"pre-order-leo-mini-3rd-album-piano-man-op-9","status":"publish","type":"product","link":"https:\/\/kstoryespana.com\/es\/product\/pre-order-leo-mini-3rd-album-piano-man-op-9\/","title":{"rendered":"LEO &#8211; Mini 3rd Album [Piano man Op. 9]"},"excerpt":{"rendered":"<p>Release date:\u00a0August\u00a024, 2022 LEO &#8211; Mini 3rd Album [Piano man Op. 9] Pre-Order Gift | Only for Pre-order : 1 Random Poster ** Noticia importante : La caja \/ caja exterior es simplemente para proteger la mercanc\u00eda. (Los da\u00f1os como ara\u00f1azos o decoloraci\u00f3n de la carcasa \/ caja no est\u00e1n cubiertos).<\/p>\n","protected":false},"featured_media":35824,"template":"","meta":[],"product_brand":[4535],"product_cat":[7225,4403],"product_tag":[7673],"class_list":{"0":"post-13364","1":"product","2":"type-product","3":"status-publish","4":"has-post-thumbnail","6":"product_brand-stock-in-spain","7":"product_cat-album-2","8":"product_cat-kstoryespana","9":"product_tag-leo","11":"first","12":"instock","13":"taxable","14":"shipping-taxable","15":"purchasable","16":"product-type-simple"},"jetpack_sharing_enabled":true,"_links":{"self":[{"href":"https:\/\/kstoryespana.com\/es\/wp-json\/wp\/v2\/product\/13364","targetHints":{"allow":["GET"]}}],"collection":[{"href":"https:\/\/kstoryespana.com\/es\/wp-json\/wp\/v2\/product"}],"about":[{"href":"https:\/\/kstoryespana.com\/es\/wp-json\/wp\/v2\/types\/product"}],"wp:featuredmedia":[{"embeddable":true,"href":"https:\/\/kstoryespana.com\/es\/wp-json\/wp\/v2\/media\/35824"}],"wp:attachment":[{"href":"https:\/\/kstoryespana.com\/es\/wp-json\/wp\/v2\/media?parent=13364"}],"wp:term":[{"taxonomy":"product_brand","embeddable":true,"href":"https:\/\/kstoryespana.com\/es\/wp-json\/wp\/v2\/product_brand?post=13364"},{"taxonomy":"product_cat","embeddable":true,"href":"https:\/\/kstoryespana.com\/es\/wp-json\/wp\/v2\/product_cat?post=13364"},{"taxonomy":"product_tag","embeddable":true,"href":"https:\/\/kstoryespana.com\/es\/wp-json\/wp\/v2\/product_tag?post=13364"}],"curies":[{"name":"wp","href":"https:\/\/api.w.org\/{rel}","templated":true}]}}