{"id":13361,"date":"2025-05-27T22:09:45","date_gmt":"2025-05-27T22:09:45","guid":{"rendered":"https:\/\/kstoryespana.com\/?product=leejinhyuk-5th-mini-album-5ight-pocaalbum-ver"},"modified":"2026-05-03T20:36:43","modified_gmt":"2026-05-03T18:36:43","slug":"pre-order-leejinhyuk-5th-mini-album-5ight-pocaalbum-ver","status":"publish","type":"product","link":"https:\/\/kstoryespana.com\/es\/product\/pre-order-leejinhyuk-5th-mini-album-5ight-pocaalbum-ver\/","title":{"rendered":"LEEJINHYUK &#8211; 5th Mini Album [5ight] (PocaAlbum Ver.)"},"excerpt":{"rendered":"<p>Release date:\u00a0August\u00a029, 2022 LEEJINHYUK &#8211; 5th Mini Album [5ight] (PocaAlbum Ver.) ** Noticia importante : La caja \/ caja exterior es simplemente para proteger la mercanc\u00eda. (Los da\u00f1os como ara\u00f1azos o decoloraci\u00f3n de la carcasa \/ caja no est\u00e1n cubiertos).<\/p>\n","protected":false},"featured_media":35821,"template":"","meta":[],"product_brand":[],"product_cat":[7225,4400],"product_tag":[7989],"class_list":{"0":"post-13361","1":"product","2":"type-product","3":"status-publish","4":"has-post-thumbnail","6":"product_cat-album-2","7":"product_cat-kstoryfromkorea","8":"product_tag-up10tion","10":"first","11":"instock","12":"taxable","13":"shipping-taxable","14":"purchasable","15":"product-type-simple"},"jetpack_sharing_enabled":true,"_links":{"self":[{"href":"https:\/\/kstoryespana.com\/es\/wp-json\/wp\/v2\/product\/13361","targetHints":{"allow":["GET"]}}],"collection":[{"href":"https:\/\/kstoryespana.com\/es\/wp-json\/wp\/v2\/product"}],"about":[{"href":"https:\/\/kstoryespana.com\/es\/wp-json\/wp\/v2\/types\/product"}],"wp:featuredmedia":[{"embeddable":true,"href":"https:\/\/kstoryespana.com\/es\/wp-json\/wp\/v2\/media\/35821"}],"wp:attachment":[{"href":"https:\/\/kstoryespana.com\/es\/wp-json\/wp\/v2\/media?parent=13361"}],"wp:term":[{"taxonomy":"product_brand","embeddable":true,"href":"https:\/\/kstoryespana.com\/es\/wp-json\/wp\/v2\/product_brand?post=13361"},{"taxonomy":"product_cat","embeddable":true,"href":"https:\/\/kstoryespana.com\/es\/wp-json\/wp\/v2\/product_cat?post=13361"},{"taxonomy":"product_tag","embeddable":true,"href":"https:\/\/kstoryespana.com\/es\/wp-json\/wp\/v2\/product_tag?post=13361"}],"curies":[{"name":"wp","href":"https:\/\/api.w.org\/{rel}","templated":true}]}}