{"id":13355,"date":"2025-05-27T22:09:43","date_gmt":"2025-05-27T22:09:43","guid":{"rendered":"https:\/\/kstoryespana.com\/?product=leejinhyuk-5th-mini-album-5ight"},"modified":"2026-05-03T22:05:50","modified_gmt":"2026-05-03T20:05:50","slug":"pre-order-leejinhyuk-5th-mini-album-5ight","status":"publish","type":"product","link":"https:\/\/kstoryespana.com\/es\/product\/pre-order-leejinhyuk-5th-mini-album-5ight\/","title":{"rendered":"LEEJINHYUK &#8211; 5th Mini Album [5ight]"},"excerpt":{"rendered":"<p>Release date:\u00a0August\u00a029, 2022 LEEJINHYUK &#8211; 5th Mini Album [5ight] Pre-Order Gift | Only for Pre-Order &#8211; 1 Poster in tube ** Noticia importante : La caja \/ caja exterior es simplemente para proteger la mercanc\u00eda. (Los da\u00f1os como ara\u00f1azos o decoloraci\u00f3n de la carcasa \/ caja no est\u00e1n cubiertos).<\/p>\n","protected":false},"featured_media":35819,"template":"","meta":[],"product_brand":[4536],"product_cat":[7225,4400],"product_tag":[7989],"class_list":{"0":"post-13355","1":"product","2":"type-product","3":"status-publish","4":"has-post-thumbnail","6":"product_brand-stock-in-korea","7":"product_cat-album-2","8":"product_cat-kstoryfromkorea","9":"product_tag-up10tion","11":"first","12":"instock","13":"taxable","14":"shipping-taxable","15":"purchasable","16":"product-type-variable"},"jetpack_sharing_enabled":true,"_links":{"self":[{"href":"https:\/\/kstoryespana.com\/es\/wp-json\/wp\/v2\/product\/13355","targetHints":{"allow":["GET"]}}],"collection":[{"href":"https:\/\/kstoryespana.com\/es\/wp-json\/wp\/v2\/product"}],"about":[{"href":"https:\/\/kstoryespana.com\/es\/wp-json\/wp\/v2\/types\/product"}],"wp:featuredmedia":[{"embeddable":true,"href":"https:\/\/kstoryespana.com\/es\/wp-json\/wp\/v2\/media\/35819"}],"wp:attachment":[{"href":"https:\/\/kstoryespana.com\/es\/wp-json\/wp\/v2\/media?parent=13355"}],"wp:term":[{"taxonomy":"product_brand","embeddable":true,"href":"https:\/\/kstoryespana.com\/es\/wp-json\/wp\/v2\/product_brand?post=13355"},{"taxonomy":"product_cat","embeddable":true,"href":"https:\/\/kstoryespana.com\/es\/wp-json\/wp\/v2\/product_cat?post=13355"},{"taxonomy":"product_tag","embeddable":true,"href":"https:\/\/kstoryespana.com\/es\/wp-json\/wp\/v2\/product_tag?post=13355"}],"curies":[{"name":"wp","href":"https:\/\/api.w.org\/{rel}","templated":true}]}}