{"id":12912,"date":"2025-05-27T22:07:49","date_gmt":"2025-05-27T22:07:49","guid":{"rendered":"https:\/\/kstoryespana.com\/?product=le-sserafim-1st-mini-album-fearless-monochrome-bouquet-ver"},"modified":"2026-05-03T22:05:30","modified_gmt":"2026-05-03T20:05:30","slug":"pre-order-le-sserafim-1st-mini-album-fearless-monochrome-bouquet-ver","status":"publish","type":"product","link":"https:\/\/kstoryespana.com\/es\/product\/pre-order-le-sserafim-1st-mini-album-fearless-monochrome-bouquet-ver\/","title":{"rendered":"LE SSERAFIM &#8211; 1st Mini Album [FEARLESS] (Monochrome Bouquet Ver.)"},"excerpt":{"rendered":"<p>Release date : May 2, 2022.\u00a0 \u00a0 \u00a0 LE SSERAFIM &#8211; 1st Mini Album [FEARLESS] (Monochrome Bouquet Ver.) \u00a0 Noticia importante\u00a0:\u00a0La caja \/ caja exterior es simplemente para proteger la mercanc\u00eda. (Los da\u00f1os como ara\u00f1azos o decoloraci\u00f3n de la carcasa \/ caja no est\u00e1n cubiertos). \u00a0<\/p>\n","protected":false},"featured_media":35576,"template":"","meta":[],"product_brand":[],"product_cat":[7225,4400],"product_tag":[7652],"class_list":{"0":"post-12912","1":"product","2":"type-product","3":"status-publish","4":"has-post-thumbnail","6":"product_cat-album-2","7":"product_cat-kstoryfromkorea","8":"product_tag-le-sserafim","10":"first","11":"instock","12":"taxable","13":"shipping-taxable","14":"purchasable","15":"product-type-simple"},"jetpack_sharing_enabled":true,"_links":{"self":[{"href":"https:\/\/kstoryespana.com\/es\/wp-json\/wp\/v2\/product\/12912","targetHints":{"allow":["GET"]}}],"collection":[{"href":"https:\/\/kstoryespana.com\/es\/wp-json\/wp\/v2\/product"}],"about":[{"href":"https:\/\/kstoryespana.com\/es\/wp-json\/wp\/v2\/types\/product"}],"wp:featuredmedia":[{"embeddable":true,"href":"https:\/\/kstoryespana.com\/es\/wp-json\/wp\/v2\/media\/35576"}],"wp:attachment":[{"href":"https:\/\/kstoryespana.com\/es\/wp-json\/wp\/v2\/media?parent=12912"}],"wp:term":[{"taxonomy":"product_brand","embeddable":true,"href":"https:\/\/kstoryespana.com\/es\/wp-json\/wp\/v2\/product_brand?post=12912"},{"taxonomy":"product_cat","embeddable":true,"href":"https:\/\/kstoryespana.com\/es\/wp-json\/wp\/v2\/product_cat?post=12912"},{"taxonomy":"product_tag","embeddable":true,"href":"https:\/\/kstoryespana.com\/es\/wp-json\/wp\/v2\/product_tag?post=12912"}],"curies":[{"name":"wp","href":"https:\/\/api.w.org\/{rel}","templated":true}]}}