{"id":12840,"date":"2025-05-27T22:07:26","date_gmt":"2025-05-27T22:07:26","guid":{"rendered":"https:\/\/kstoryespana.com\/?product=kwon-eunbi-the-first-photo-book-silver-rain"},"modified":"2026-05-03T21:25:56","modified_gmt":"2026-05-03T19:25:56","slug":"kwon-eunbi-the-first-photo-book-silver-rain","status":"publish","type":"product","link":"https:\/\/kstoryespana.com\/es\/product\/kwon-eunbi-the-first-photo-book-silver-rain\/","title":{"rendered":"KWON EUNBI &#8211; THE FIRST PHOTO BOOK SILVER RAIN"},"excerpt":{"rendered":"<p>Release date:\u00a0November 17th 2021. KWON EUNBI&#8217;s 1st Photo Book &#8211; Silver Rain Package :&#8211; 1 Out Case&#8211; 1 Photo Book (206p)&#8211; 1 Postcard Set (6ea)&#8211; 1 Film Sticker Noticia important : La caja \/ caja exterior es simplemente para proteger la mercanc\u00eda. (Los da\u00f1os como ara\u00f1azos o decoloraci\u00f3n de la carcasa \/ caja no est\u00e1n [&hellip;]<\/p>\n","protected":false},"featured_media":35524,"template":"","meta":[],"product_brand":[4536],"product_cat":[7225,4400],"product_tag":[7644,8254],"class_list":{"0":"post-12840","1":"product","2":"type-product","3":"status-publish","4":"has-post-thumbnail","6":"product_brand-stock-in-korea","7":"product_cat-album-2","8":"product_cat-kstoryfromkorea","9":"product_tag-kwon-eunbi","10":"product_tag-photobook","12":"first","13":"instock","14":"taxable","15":"shipping-taxable","16":"purchasable","17":"product-type-simple"},"jetpack_sharing_enabled":true,"_links":{"self":[{"href":"https:\/\/kstoryespana.com\/es\/wp-json\/wp\/v2\/product\/12840","targetHints":{"allow":["GET"]}}],"collection":[{"href":"https:\/\/kstoryespana.com\/es\/wp-json\/wp\/v2\/product"}],"about":[{"href":"https:\/\/kstoryespana.com\/es\/wp-json\/wp\/v2\/types\/product"}],"wp:featuredmedia":[{"embeddable":true,"href":"https:\/\/kstoryespana.com\/es\/wp-json\/wp\/v2\/media\/35524"}],"wp:attachment":[{"href":"https:\/\/kstoryespana.com\/es\/wp-json\/wp\/v2\/media?parent=12840"}],"wp:term":[{"taxonomy":"product_brand","embeddable":true,"href":"https:\/\/kstoryespana.com\/es\/wp-json\/wp\/v2\/product_brand?post=12840"},{"taxonomy":"product_cat","embeddable":true,"href":"https:\/\/kstoryespana.com\/es\/wp-json\/wp\/v2\/product_cat?post=12840"},{"taxonomy":"product_tag","embeddable":true,"href":"https:\/\/kstoryespana.com\/es\/wp-json\/wp\/v2\/product_tag?post=12840"}],"curies":[{"name":"wp","href":"https:\/\/api.w.org\/{rel}","templated":true}]}}