{"id":12701,"date":"2025-05-27T22:06:52","date_gmt":"2025-05-27T22:06:52","guid":{"rendered":"https:\/\/kstoryespana.com\/?product=kim-woo-seok-acrylic-light-stick"},"modified":"2026-05-03T21:25:48","modified_gmt":"2026-05-03T19:25:48","slug":"kim-woo-seok-acrylic-light-stick","status":"publish","type":"product","link":"https:\/\/kstoryespana.com\/es\/product\/kim-woo-seok-acrylic-light-stick\/","title":{"rendered":"KIM WOO SEOK - BARRA DE LUZ ACR\u00cdLICA"},"excerpt":{"rendered":"<p>Release date:\u00a0May 28th 2021. KIM WOO SEOK &#8211; ACRYLIC LIGHT STICK Noticia Importante:\u00a0La caja \/ caja exterior es simplemente para proteger la mercanc\u00eda. (Los da\u00f1os como ara\u00f1azos o decoloraci\u00f3n de la carcasa \/ caja no est\u00e1n cubiertos). \u00a0<\/p>","protected":false},"featured_media":35427,"template":"","meta":[],"product_brand":[4536],"product_cat":[8252,4400],"product_tag":[7632],"class_list":{"0":"post-12701","1":"product","2":"type-product","3":"status-publish","4":"has-post-thumbnail","6":"product_brand-stock-in-korea","7":"product_cat-lightstick","8":"product_cat-kstoryfromkorea","9":"product_tag-kim-woo-seok","11":"first","12":"instock","13":"taxable","14":"shipping-taxable","15":"purchasable","16":"product-type-simple"},"jetpack_sharing_enabled":true,"_links":{"self":[{"href":"https:\/\/kstoryespana.com\/es\/wp-json\/wp\/v2\/product\/12701","targetHints":{"allow":["GET"]}}],"collection":[{"href":"https:\/\/kstoryespana.com\/es\/wp-json\/wp\/v2\/product"}],"about":[{"href":"https:\/\/kstoryespana.com\/es\/wp-json\/wp\/v2\/types\/product"}],"wp:featuredmedia":[{"embeddable":true,"href":"https:\/\/kstoryespana.com\/es\/wp-json\/wp\/v2\/media\/35427"}],"wp:attachment":[{"href":"https:\/\/kstoryespana.com\/es\/wp-json\/wp\/v2\/media?parent=12701"}],"wp:term":[{"taxonomy":"product_brand","embeddable":true,"href":"https:\/\/kstoryespana.com\/es\/wp-json\/wp\/v2\/product_brand?post=12701"},{"taxonomy":"product_cat","embeddable":true,"href":"https:\/\/kstoryespana.com\/es\/wp-json\/wp\/v2\/product_cat?post=12701"},{"taxonomy":"product_tag","embeddable":true,"href":"https:\/\/kstoryespana.com\/es\/wp-json\/wp\/v2\/product_tag?post=12701"}],"curies":[{"name":"wp","href":"https:\/\/api.w.org\/{rel}","templated":true}]}}