{"id":12637,"date":"2025-05-27T22:06:27","date_gmt":"2025-05-27T22:06:27","guid":{"rendered":"https:\/\/kstoryespana.com\/?product=kim-jae-hwan-5th-mini-album-empty-dream-limited-edition"},"modified":"2026-05-03T21:25:44","modified_gmt":"2026-05-03T19:25:44","slug":"pre-order-kim-jae-hwan-5th-mini-album-empty-dream-limited-edition","status":"publish","type":"product","link":"https:\/\/kstoryespana.com\/es\/product\/pre-order-kim-jae-hwan-5th-mini-album-empty-dream-limited-edition\/","title":{"rendered":"Kim Jae Hwan &#8211; 5th Mini Album [Empty Dream] (Limited Edition)"},"excerpt":{"rendered":"<p>Release date:\u00a0September\u00a06, 2022 Kim Jae Hwan &#8211; 5th Mini Album [Empty Dream] (Limited Edition) Pre-Order Gift | Only for Pre-Order &#8211; 1 FOLDED POSTER (On pack) ** Noticia importante : La caja \/ caja exterior es simplemente para proteger la mercanc\u00eda. (Los da\u00f1os como ara\u00f1azos o decoloraci\u00f3n de la carcasa \/ caja no est\u00e1n cubiertos).<\/p>\n","protected":false},"featured_media":35383,"template":"","meta":[],"product_brand":[4536],"product_cat":[7225,4400],"product_tag":[7624],"class_list":{"0":"post-12637","1":"product","2":"type-product","3":"status-publish","4":"has-post-thumbnail","6":"product_brand-stock-in-korea","7":"product_cat-album-2","8":"product_cat-kstoryfromkorea","9":"product_tag-kim-jae-hwan","11":"first","12":"instock","13":"taxable","14":"shipping-taxable","15":"purchasable","16":"product-type-simple"},"jetpack_sharing_enabled":true,"_links":{"self":[{"href":"https:\/\/kstoryespana.com\/es\/wp-json\/wp\/v2\/product\/12637","targetHints":{"allow":["GET"]}}],"collection":[{"href":"https:\/\/kstoryespana.com\/es\/wp-json\/wp\/v2\/product"}],"about":[{"href":"https:\/\/kstoryespana.com\/es\/wp-json\/wp\/v2\/types\/product"}],"wp:featuredmedia":[{"embeddable":true,"href":"https:\/\/kstoryespana.com\/es\/wp-json\/wp\/v2\/media\/35383"}],"wp:attachment":[{"href":"https:\/\/kstoryespana.com\/es\/wp-json\/wp\/v2\/media?parent=12637"}],"wp:term":[{"taxonomy":"product_brand","embeddable":true,"href":"https:\/\/kstoryespana.com\/es\/wp-json\/wp\/v2\/product_brand?post=12637"},{"taxonomy":"product_cat","embeddable":true,"href":"https:\/\/kstoryespana.com\/es\/wp-json\/wp\/v2\/product_cat?post=12637"},{"taxonomy":"product_tag","embeddable":true,"href":"https:\/\/kstoryespana.com\/es\/wp-json\/wp\/v2\/product_tag?post=12637"}],"curies":[{"name":"wp","href":"https:\/\/api.w.org\/{rel}","templated":true}]}}