{"id":12635,"date":"2025-05-27T22:06:27","date_gmt":"2025-05-27T22:06:27","guid":{"rendered":"https:\/\/kstoryespana.com\/?product=kim-hyun-joong-round-3-limited-edition-cddvd"},"modified":"2026-05-03T22:05:10","modified_gmt":"2026-05-03T20:05:10","slug":"kim-hyun-joong-round-3-limited-edition-cd-dvd","status":"publish","type":"product","link":"https:\/\/kstoryespana.com\/es\/product\/kim-hyun-joong-round-3-limited-edition-cd-dvd\/","title":{"rendered":"Kim Hyun Joong &#8211; Round 3 Limited Edition (CD+DVD)"},"excerpt":{"rendered":"<p>Release date:\u00a0September\u00a03, 2013 Kim Hyun Joong &#8211; Round 3 Limited Edition (CD+DVD) ** Noticia importante : La caja \/ caja exterior es simplemente para proteger la mercanc\u00eda. (Los da\u00f1os como ara\u00f1azos o decoloraci\u00f3n de la carcasa \/ caja no est\u00e1n cubiertos).<\/p>","protected":false},"featured_media":35381,"template":"","meta":[],"product_brand":[4536],"product_cat":[7225,4400],"product_tag":[8253,7623],"class_list":{"0":"post-12635","1":"product","2":"type-product","3":"status-publish","4":"has-post-thumbnail","6":"product_brand-stock-in-korea","7":"product_cat-album-2","8":"product_cat-kstoryfromkorea","9":"product_tag-dvd","10":"product_tag-kim-hyun-joong","12":"first","13":"instock","14":"sale","15":"taxable","16":"shipping-taxable","17":"purchasable","18":"product-type-simple"},"jetpack_sharing_enabled":true,"_links":{"self":[{"href":"https:\/\/kstoryespana.com\/es\/wp-json\/wp\/v2\/product\/12635","targetHints":{"allow":["GET"]}}],"collection":[{"href":"https:\/\/kstoryespana.com\/es\/wp-json\/wp\/v2\/product"}],"about":[{"href":"https:\/\/kstoryespana.com\/es\/wp-json\/wp\/v2\/types\/product"}],"wp:featuredmedia":[{"embeddable":true,"href":"https:\/\/kstoryespana.com\/es\/wp-json\/wp\/v2\/media\/35381"}],"wp:attachment":[{"href":"https:\/\/kstoryespana.com\/es\/wp-json\/wp\/v2\/media?parent=12635"}],"wp:term":[{"taxonomy":"product_brand","embeddable":true,"href":"https:\/\/kstoryespana.com\/es\/wp-json\/wp\/v2\/product_brand?post=12635"},{"taxonomy":"product_cat","embeddable":true,"href":"https:\/\/kstoryespana.com\/es\/wp-json\/wp\/v2\/product_cat?post=12635"},{"taxonomy":"product_tag","embeddable":true,"href":"https:\/\/kstoryespana.com\/es\/wp-json\/wp\/v2\/product_tag?post=12635"}],"curies":[{"name":"wp","href":"https:\/\/api.w.org\/{rel}","templated":true}]}}