{"id":12634,"date":"2025-05-27T22:06:26","date_gmt":"2025-05-27T22:06:26","guid":{"rendered":"https:\/\/kstoryespana.com\/?product=kim-hyun-joong-break-down1st-mini-album"},"modified":"2026-05-03T21:25:44","modified_gmt":"2026-05-03T19:25:44","slug":"pre-order-kim-hyun-joong-break-down1st-mini-album","status":"publish","type":"product","link":"https:\/\/kstoryespana.com\/es\/product\/pre-order-kim-hyun-joong-break-down1st-mini-album\/","title":{"rendered":"Kim Hyun Joong &#8211; Break Down(1st Mini Album)"},"excerpt":{"rendered":"<p>Release date:\u00a0June\u00a07, 2011 Kim Hyun Joong &#8211; Break Down(1st Mini Album) ** Noticia importante : La caja \/ caja exterior es simplemente para proteger la mercanc\u00eda. (Los da\u00f1os como ara\u00f1azos o decoloraci\u00f3n de la carcasa \/ caja no est\u00e1n cubiertos).<\/p>","protected":false},"featured_media":35380,"template":"","meta":[],"product_brand":[],"product_cat":[7225,4400],"product_tag":[7623],"class_list":{"0":"post-12634","1":"product","2":"type-product","3":"status-publish","4":"has-post-thumbnail","6":"product_cat-album-2","7":"product_cat-kstoryfromkorea","8":"product_tag-kim-hyun-joong","10":"first","11":"instock","12":"taxable","13":"shipping-taxable","14":"purchasable","15":"product-type-simple"},"jetpack_sharing_enabled":true,"_links":{"self":[{"href":"https:\/\/kstoryespana.com\/es\/wp-json\/wp\/v2\/product\/12634","targetHints":{"allow":["GET"]}}],"collection":[{"href":"https:\/\/kstoryespana.com\/es\/wp-json\/wp\/v2\/product"}],"about":[{"href":"https:\/\/kstoryespana.com\/es\/wp-json\/wp\/v2\/types\/product"}],"wp:featuredmedia":[{"embeddable":true,"href":"https:\/\/kstoryespana.com\/es\/wp-json\/wp\/v2\/media\/35380"}],"wp:attachment":[{"href":"https:\/\/kstoryespana.com\/es\/wp-json\/wp\/v2\/media?parent=12634"}],"wp:term":[{"taxonomy":"product_brand","embeddable":true,"href":"https:\/\/kstoryespana.com\/es\/wp-json\/wp\/v2\/product_brand?post=12634"},{"taxonomy":"product_cat","embeddable":true,"href":"https:\/\/kstoryespana.com\/es\/wp-json\/wp\/v2\/product_cat?post=12634"},{"taxonomy":"product_tag","embeddable":true,"href":"https:\/\/kstoryespana.com\/es\/wp-json\/wp\/v2\/product_tag?post=12634"}],"curies":[{"name":"wp","href":"https:\/\/api.w.org\/{rel}","templated":true}]}}