{"id":12572,"date":"2025-05-27T22:06:12","date_gmt":"2025-05-27T22:06:12","guid":{"rendered":"https:\/\/kstoryespana.com\/?product=key-pleasure-shop-3rd-mini-album-glass-package-ver"},"modified":"2026-05-03T20:36:03","modified_gmt":"2026-05-03T18:36:03","slug":"pre-order-key-pleasure-shop-3rd-mini-album-package-ver","status":"publish","type":"product","link":"https:\/\/kstoryespana.com\/es\/product\/pre-order-key-pleasure-shop-3rd-mini-album-package-ver\/","title":{"rendered":"KEY &#8211; PLEASURE SHOP 3RD MINI ALBUM Glass Package Ver."},"excerpt":{"rendered":"<p>Release date: September 24th, 2024 KEY &#8211; PLEASURE SHOP 3RD MINI ALBUM Glass Package Ver. \u00a0 # Glass Package Ver. Este \u00e1lbum contiene un mini CD que es m\u00e1s peque\u00f1o que un CD normal, por lo que no es posible reproducirlo. No funcionar\u00e1 en algunos reproductores de CD que no lo admitan.Tenga esto en cuenta [&hellip;]<\/p>\n","protected":false},"featured_media":35347,"template":"","meta":[],"product_brand":[4536],"product_cat":[7225,4400],"product_tag":[7216],"class_list":{"0":"post-12572","1":"product","2":"type-product","3":"status-publish","4":"has-post-thumbnail","6":"product_brand-stock-in-korea","7":"product_cat-album-2","8":"product_cat-kstoryfromkorea","9":"product_tag-shinee","11":"first","12":"instock","13":"taxable","14":"shipping-taxable","15":"purchasable","16":"product-type-simple"},"jetpack_sharing_enabled":true,"_links":{"self":[{"href":"https:\/\/kstoryespana.com\/es\/wp-json\/wp\/v2\/product\/12572","targetHints":{"allow":["GET"]}}],"collection":[{"href":"https:\/\/kstoryespana.com\/es\/wp-json\/wp\/v2\/product"}],"about":[{"href":"https:\/\/kstoryespana.com\/es\/wp-json\/wp\/v2\/types\/product"}],"wp:featuredmedia":[{"embeddable":true,"href":"https:\/\/kstoryespana.com\/es\/wp-json\/wp\/v2\/media\/35347"}],"wp:attachment":[{"href":"https:\/\/kstoryespana.com\/es\/wp-json\/wp\/v2\/media?parent=12572"}],"wp:term":[{"taxonomy":"product_brand","embeddable":true,"href":"https:\/\/kstoryespana.com\/es\/wp-json\/wp\/v2\/product_brand?post=12572"},{"taxonomy":"product_cat","embeddable":true,"href":"https:\/\/kstoryespana.com\/es\/wp-json\/wp\/v2\/product_cat?post=12572"},{"taxonomy":"product_tag","embeddable":true,"href":"https:\/\/kstoryespana.com\/es\/wp-json\/wp\/v2\/product_tag?post=12572"}],"curies":[{"name":"wp","href":"https:\/\/api.w.org\/{rel}","templated":true}]}}