{"id":12567,"date":"2025-05-27T22:06:09","date_gmt":"2025-05-27T22:06:09","guid":{"rendered":"https:\/\/kstoryespana.com\/?product=key-2nd-standard-album-gasoline-booklet-ver"},"modified":"2026-05-03T20:36:01","modified_gmt":"2026-05-03T18:36:01","slug":"pre-order-key-2nd-standard-album-gasoline-booklet-ver","status":"publish","type":"product","link":"https:\/\/kstoryespana.com\/es\/product\/pre-order-key-2nd-standard-album-gasoline-booklet-ver\/","title":{"rendered":"KEY &#8211; 2nd Standard Album [Gasoline] (Booklet Ver.)"},"excerpt":{"rendered":"<p>Release date:\u00a0August\u00a030, 2022 KEY &#8211; 2nd Standard Album [Gasoline] (Booklet Ver.) [POSTER]\u00a0 Key &#8211; Gasoline ** Noticia importante : La caja \/ caja exterior es simplemente para proteger la mercanc\u00eda. (Los da\u00f1os como ara\u00f1azos o decoloraci\u00f3n de la carcasa \/ caja no est\u00e1n cubiertos).<\/p>\n","protected":false},"featured_media":35339,"template":"","meta":[],"product_brand":[4535],"product_cat":[7225,4403],"product_tag":[7216],"class_list":{"0":"post-12567","1":"product","2":"type-product","3":"status-publish","4":"has-post-thumbnail","6":"product_brand-stock-in-spain","7":"product_cat-album-2","8":"product_cat-kstoryespana","9":"product_tag-shinee","11":"first","12":"instock","13":"taxable","14":"shipping-taxable","15":"purchasable","16":"product-type-simple"},"jetpack_sharing_enabled":true,"_links":{"self":[{"href":"https:\/\/kstoryespana.com\/es\/wp-json\/wp\/v2\/product\/12567","targetHints":{"allow":["GET"]}}],"collection":[{"href":"https:\/\/kstoryespana.com\/es\/wp-json\/wp\/v2\/product"}],"about":[{"href":"https:\/\/kstoryespana.com\/es\/wp-json\/wp\/v2\/types\/product"}],"wp:featuredmedia":[{"embeddable":true,"href":"https:\/\/kstoryespana.com\/es\/wp-json\/wp\/v2\/media\/35339"}],"wp:attachment":[{"href":"https:\/\/kstoryespana.com\/es\/wp-json\/wp\/v2\/media?parent=12567"}],"wp:term":[{"taxonomy":"product_brand","embeddable":true,"href":"https:\/\/kstoryespana.com\/es\/wp-json\/wp\/v2\/product_brand?post=12567"},{"taxonomy":"product_cat","embeddable":true,"href":"https:\/\/kstoryespana.com\/es\/wp-json\/wp\/v2\/product_cat?post=12567"},{"taxonomy":"product_tag","embeddable":true,"href":"https:\/\/kstoryespana.com\/es\/wp-json\/wp\/v2\/product_tag?post=12567"}],"curies":[{"name":"wp","href":"https:\/\/api.w.org\/{rel}","templated":true}]}}