{"id":12499,"date":"2025-05-27T22:05:55","date_gmt":"2025-05-27T22:05:55","guid":{"rendered":"https:\/\/kstoryespana.com\/?product=kep1er-2nd-mini-album-doublast-jewel-case"},"modified":"2026-04-29T19:41:27","modified_gmt":"2026-04-29T17:41:27","slug":"pre-order-kep1er-2nd-mini-album-doublast-jewel-case","status":"publish","type":"product","link":"https:\/\/kstoryespana.com\/es\/producto\/pre-order-kep1er-2nd-mini-album-doublast-jewel-case\/","title":{"rendered":"Kep1er &#8211; 2nd Mini Album [DOUBLAST] (Jewel Case)"},"content":{"rendered":"<div style=\"text-align: center;\" data-mce-style=\"text-align: center;\"><\/div>\n<h3 style=\"text-align: center;\" data-mce-style=\"text-align: center;\"><span>Release date: <span style=\"color: #ff2a00;\" data-mce-style=\"color: #ff2a00;\" mce-data-marked=\"1\">June<\/span><span style=\"color: #f10808;\" data-mce-style=\"color: #f10808;\">\u00a021, 2022<\/span><\/span><\/h3>\n<ul class=\"ul1\">\n<li class=\"li1\">Kep1er &#8211; 2nd Mini Album [DOUBLAST] (Jewel Case)<\/li>\n<li><a href=\"https:\/\/kstoryespana.es\/products\/poster-128-kep1er-doublast?utm_source=copyToPasteBoard&#038;utm_medium=product-links&#038;utm_content=web\" data-mce-href=\"https:\/\/kstoryespana.es\/products\/poster-128-kep1er-doublast?utm_source=copyToPasteBoard&#038;utm_medium=product-links&#038;utm_content=web\"><strong>[POSTER]\u00a0 \u00a0Kep1er -Doublast<\/strong><\/a><\/li>\n<\/ul>\n<p class=\"p2\"><strong>** Noticia importante : La caja \/ caja exterior es simplemente para proteger la mercanc\u00eda. (Los da\u00f1os como ara\u00f1azos o decoloraci\u00f3n de la carcasa \/ caja no est\u00e1n cubiertos)<\/strong>.<\/p>\n<p class=\"p2\"><img decoding=\"async\" alt=\"\" src=\"https:\/\/cdn.shopify.com\/s\/files\/1\/0579\/9454\/3257\/files\/DOUBLAST_07ec61e7-7e1c-48c4-a462-0a5d59ea1bc3.jpg?v=1654850900\"><\/p>\n<div style=\"text-align: center;\" data-mce-style=\"text-align: center;\"><\/div>\n<div style=\"text-align: center;\" data-mce-style=\"text-align: center;\"><\/div>\n<div style=\"text-align: center;\" data-mce-style=\"text-align: center;\"><\/div>\n","protected":false},"excerpt":{"rendered":"<p>Release date: June\u00a021, 2022 Kep1er &#8211; 2nd Mini Album [DOUBLAST] (Jewel Case) [POSTER]\u00a0 \u00a0Kep1er -Doublast ** Noticia importante : La caja \/ caja exterior es simplemente para proteger la mercanc\u00eda. (Los da\u00f1os como ara\u00f1azos o decoloraci\u00f3n de la carcasa \/ caja no est\u00e1n cubiertos).<\/p>\n","protected":false},"featured_media":35304,"template":"","meta":[],"product_brand":[4536],"product_cat":[7225],"product_tag":[7617],"class_list":{"0":"post-12499","1":"product","2":"type-product","3":"status-publish","4":"has-post-thumbnail","6":"product_brand-stock-in-korea","7":"product_cat-album-2","8":"product_tag-kep1er","10":"first","11":"instock","12":"taxable","13":"shipping-taxable","14":"purchasable","15":"product-type-variable"},"jetpack_sharing_enabled":true,"_links":{"self":[{"href":"https:\/\/kstoryespana.com\/es\/wp-json\/wp\/v2\/product\/12499","targetHints":{"allow":["GET"]}}],"collection":[{"href":"https:\/\/kstoryespana.com\/es\/wp-json\/wp\/v2\/product"}],"about":[{"href":"https:\/\/kstoryespana.com\/es\/wp-json\/wp\/v2\/types\/product"}],"wp:featuredmedia":[{"embeddable":true,"href":"https:\/\/kstoryespana.com\/es\/wp-json\/wp\/v2\/media\/35304"}],"wp:attachment":[{"href":"https:\/\/kstoryespana.com\/es\/wp-json\/wp\/v2\/media?parent=12499"}],"wp:term":[{"taxonomy":"product_brand","embeddable":true,"href":"https:\/\/kstoryespana.com\/es\/wp-json\/wp\/v2\/product_brand?post=12499"},{"taxonomy":"product_cat","embeddable":true,"href":"https:\/\/kstoryespana.com\/es\/wp-json\/wp\/v2\/product_cat?post=12499"},{"taxonomy":"product_tag","embeddable":true,"href":"https:\/\/kstoryespana.com\/es\/wp-json\/wp\/v2\/product_tag?post=12499"}],"curies":[{"name":"wp","href":"https:\/\/api.w.org\/{rel}","templated":true}]}}