{"id":12489,"date":"2025-05-27T22:05:52","date_gmt":"2025-05-27T22:05:52","guid":{"rendered":"https:\/\/kstoryespana.com\/?product=kep1er-1st-mini-album-first-impact"},"modified":"2026-05-03T20:35:59","modified_gmt":"2026-05-03T18:35:59","slug":"kep1er-1st-mini-album-first-impact","status":"publish","type":"product","link":"https:\/\/kstoryespana.com\/es\/product\/kep1er-1st-mini-album-first-impact\/","title":{"rendered":"KEP1ER &#8211; 1ST MINI ALBUM FIRST IMPACT"},"content":{"rendered":"<div style=\"text-align: center;\">\n<span style=\"color: #ff2a00;\"> <strong><strong><strong>Release date:\u00a0January<\/strong><\/strong><\/strong><strong>\u00a04th 2022.<\/strong> <\/span><\/p>\n<div>\n<div>\n<div><\/div>\n<\/div>\n<\/div>\n<\/div>\n<ul>\n<li><strong>KEP1ER&#8217;s 1st Mini Album &#8211;\u00a0FIRST IMPACT<br \/>[\u00a0CONNECT 0 ver. \/ CONNECT ver. \/ CONNECT 1\u00a0ver. ]\n<p><\/strong><\/li>\n<li><a href=\"https:\/\/kstoryespana.es\/products\/poster-117-kep1er-first-impact?utm_source=copyToPasteBoard&#038;utm_medium=product-links&#038;utm_content=web\"><strong>[POSTER]\u00a0 Kep1er -First impact<\/strong><\/a><\/li>\n<\/ul>\n<ul>\n<li>\n<strong><strong><strong>Package for Each Version :<\/strong><\/strong><\/strong>\n<\/li>\n<li>&#8211; 1 Package Sleeve<br \/>&#8211; 1 Photo Book (72p)<br \/>&#8211; 1 Digipack<br \/>&#8211; 1 CD-R<br \/>&#8211; 2 Photo Card (Random 2 out of 18)<br \/>&#8211; 1 Postcard (Random 1 out of 9)<br \/>&#8211; 1 Sticker<br \/><strong><strong><strong>\n<p><\/strong><\/strong><\/strong>\n<\/li>\n<li>\n<b>Noticia important :<\/b><br \/> <b>La caja \/ caja exterior es simplemente para proteger la mercanc\u00eda. (Los da\u00f1os como ara\u00f1azos o decoloraci\u00f3n de la carcasa \/ caja no est\u00e1n cubiertos).<\/b>\n<\/li>\n<\/ul>\n<p><strong><strong><strong><img decoding=\"async\" alt=\"\" src=\"https:\/\/cdn.shopify.com\/s\/files\/1\/0579\/9454\/3257\/files\/kep1er-FIRST-IMPACT.jpg?v=1638181731\"><\/strong><\/strong><\/strong><\/p>\n","protected":false},"excerpt":{"rendered":"<p>Release date:\u00a0January\u00a04th 2022. KEP1ER&#8217;s 1st Mini Album &#8211;\u00a0FIRST IMPACT[\u00a0CONNECT 0 ver. \/ CONNECT ver. \/ CONNECT 1\u00a0ver. ] [POSTER]\u00a0 Kep1er -First impact Package for Each Version : &#8211; 1 Package Sleeve&#8211; 1 Photo Book (72p)&#8211; 1 Digipack&#8211; 1 CD-R&#8211; 2 Photo Card (Random 2 out of 18)&#8211; 1 Postcard (Random 1 out of 9)&#8211; 1 [&hellip;]<\/p>\n","protected":false},"featured_media":35292,"template":"","meta":[],"product_brand":[4536],"product_cat":[7225,4400],"product_tag":[7617],"class_list":{"0":"post-12489","1":"product","2":"type-product","3":"status-publish","4":"has-post-thumbnail","6":"product_brand-stock-in-korea","7":"product_cat-album-2","8":"product_cat-kstoryfromkorea","9":"product_tag-kep1er","11":"first","12":"instock","13":"taxable","14":"shipping-taxable","15":"purchasable","16":"product-type-variable"},"_links":{"self":[{"href":"https:\/\/kstoryespana.com\/es\/wp-json\/wp\/v2\/product\/12489","targetHints":{"allow":["GET"]}}],"collection":[{"href":"https:\/\/kstoryespana.com\/es\/wp-json\/wp\/v2\/product"}],"about":[{"href":"https:\/\/kstoryespana.com\/es\/wp-json\/wp\/v2\/types\/product"}],"wp:featuredmedia":[{"embeddable":true,"href":"https:\/\/kstoryespana.com\/es\/wp-json\/wp\/v2\/media\/35292"}],"wp:attachment":[{"href":"https:\/\/kstoryespana.com\/es\/wp-json\/wp\/v2\/media?parent=12489"}],"wp:term":[{"taxonomy":"product_brand","embeddable":true,"href":"https:\/\/kstoryespana.com\/es\/wp-json\/wp\/v2\/product_brand?post=12489"},{"taxonomy":"product_cat","embeddable":true,"href":"https:\/\/kstoryespana.com\/es\/wp-json\/wp\/v2\/product_cat?post=12489"},{"taxonomy":"product_tag","embeddable":true,"href":"https:\/\/kstoryespana.com\/es\/wp-json\/wp\/v2\/product_tag?post=12489"}],"curies":[{"name":"wp","href":"https:\/\/api.w.org\/{rel}","templated":true}]}}