{"id":12377,"date":"2025-05-27T22:05:24","date_gmt":"2025-05-27T22:05:24","guid":{"rendered":"https:\/\/kstoryespana.com\/?product=kai-esquire-magazine-2025-april-issue"},"modified":"2026-05-03T20:35:53","modified_gmt":"2026-05-03T18:35:53","slug":"pre-order-kai-esquire-magazine-2025-april-issue","status":"publish","type":"product","link":"https:\/\/kstoryespana.com\/es\/product\/pre-order-kai-esquire-magazine-2025-april-issue\/","title":{"rendered":"KAI - REVISTA ESQUIRE 2025 N\u00daMERO DE ABRIL"},"content":{"rendered":"<p><!-- split --><\/p>\n<div style=\"text-align: center;\">\n<div>\n<div>\n<div>\n<span style=\"color: #000000;\"><strong>Fecha de lanzamiento: Abril<\/strong><\/span><span style=\"color: #000000;\"><strong> 3, 2025<\/strong><\/span><br \/><strong><span style=\"color: rgb(255, 42, 0);\">*La fecha de lanzamiento podr\u00eda variar en funci\u00f3n del proceso de producci\u00f3n del fabricante.<\/span><\/strong>\n<\/div>\n<\/div>\n<\/div>\n<\/div>\n<ul>\n<li style=\"text-align: center;\"><strong>KAI - REVISTA ESQUIRE 2025 N\u00daMERO DE ABRIL\n<p><\/strong><\/li>\n<li style=\"text-align: center;\">\n<strong>Contenido :<br \/><\/strong>\u2013 <meta charset=\"utf-8\"> <strong>KAI<\/strong> Portada<strong><\/p>\n<p><\/strong>\n<\/li>\n<li style=\"text-align: center;\"><strong>Idioma : Coreano<br \/><span style=\"color: #a169f3;\"><span style=\"color: #000000;\"><br \/><\/span><\/span><\/strong><\/li>\n<\/ul>\n<p style=\"text-align: center;\"><\/p>\n<p style=\"text-align: center;\"><img decoding=\"async\" alt=\"\" src=\"https:\/\/cdn.shopify.com\/s\/files\/1\/0579\/9454\/3257\/files\/4__A_b23b9dce-e9fa-49e1-8917-fedcd66ad1d1.jpg?v=1741946113\"><\/p>\n<p style=\"text-align: center;\"><img decoding=\"async\" alt=\"\" src=\"https:\/\/cdn.shopify.com\/s\/files\/1\/0579\/9454\/3257\/files\/4__B_3e8c06e5-d971-407f-9bc2-7490bb9fe8ea.jpg?v=1741946114\"><\/p>\n<p style=\"text-align: center;\"><img decoding=\"async\" alt=\"\" src=\"https:\/\/cdn.shopify.com\/s\/files\/1\/0579\/9454\/3257\/files\/4__C_4d5db401-ee86-4268-8bd6-bbceffa94208.jpg?v=1741946114\"><\/p>\n<p style=\"text-align: center;\"><strong><img decoding=\"async\" src=\"https:\/\/cdn.shopify.com\/s\/files\/1\/0579\/9454\/3257\/files\/0C_COVER2025_04_YEONJUN.jpg?v=1741944135\" alt=\"\"><\/strong><\/p>\n<p style=\"text-align: center;\"><strong><img decoding=\"async\" src=\"https:\/\/cdn.shopify.com\/s\/files\/1\/0579\/9454\/3257\/files\/0D_COVER2025_04_BEOMGYU.jpg?v=1741944135\" alt=\"\"><\/strong><\/p>\n<p style=\"text-align: center;\"><strong><img decoding=\"async\" src=\"https:\/\/cdn.shopify.com\/s\/files\/1\/0579\/9454\/3257\/files\/0E_COVER2025_04_TAEHYUN.jpg?v=1741944134\" alt=\"\"><\/strong><\/p>\n<p style=\"text-align: center;\"><strong><img decoding=\"async\" src=\"https:\/\/cdn.shopify.com\/s\/files\/1\/0579\/9454\/3257\/files\/0F_COVER2025_04_HUENINGKAI.jpg?v=1741944135\" alt=\"\"><\/strong><\/p>","protected":false},"excerpt":{"rendered":"<p>Release date: April 3rd, 2025*The release date could be changed depending on the production process of the manufacturer.* KAI &#8211; ESQUIRE MAGAZINE 2025 APRIL ISSUE Contents :&#8211; KAI Cover Language : Korean<\/p>","protected":false},"featured_media":35229,"template":"","meta":[],"product_brand":[4535],"product_cat":[7227,4403],"product_tag":[7473],"class_list":{"0":"post-12377","1":"product","2":"type-product","3":"status-publish","4":"has-post-thumbnail","6":"product_brand-stock-in-spain","7":"product_cat-magazine-2","8":"product_cat-kstoryespana","9":"product_tag-exo","11":"first","12":"instock","13":"taxable","14":"shipping-taxable","15":"purchasable","16":"product-type-variable"},"_links":{"self":[{"href":"https:\/\/kstoryespana.com\/es\/wp-json\/wp\/v2\/product\/12377","targetHints":{"allow":["GET"]}}],"collection":[{"href":"https:\/\/kstoryespana.com\/es\/wp-json\/wp\/v2\/product"}],"about":[{"href":"https:\/\/kstoryespana.com\/es\/wp-json\/wp\/v2\/types\/product"}],"wp:featuredmedia":[{"embeddable":true,"href":"https:\/\/kstoryespana.com\/es\/wp-json\/wp\/v2\/media\/35229"}],"wp:attachment":[{"href":"https:\/\/kstoryespana.com\/es\/wp-json\/wp\/v2\/media?parent=12377"}],"wp:term":[{"taxonomy":"product_brand","embeddable":true,"href":"https:\/\/kstoryespana.com\/es\/wp-json\/wp\/v2\/product_brand?post=12377"},{"taxonomy":"product_cat","embeddable":true,"href":"https:\/\/kstoryespana.com\/es\/wp-json\/wp\/v2\/product_cat?post=12377"},{"taxonomy":"product_tag","embeddable":true,"href":"https:\/\/kstoryespana.com\/es\/wp-json\/wp\/v2\/product_tag?post=12377"}],"curies":[{"name":"wp","href":"https:\/\/api.w.org\/{rel}","templated":true}]}}