{"id":12230,"date":"2025-05-27T22:04:44","date_gmt":"2025-05-27T22:04:44","guid":{"rendered":"https:\/\/kstoryespana.com\/?product=jinxed-at-first-%ec%a7%95%ed%81%ac%ec%8a%a4%ec%9d%98-%ec%97%b0%ec%9d%b8-ost"},"modified":"2026-05-03T20:35:43","modified_gmt":"2026-05-03T18:35:43","slug":"pre-order-jinxed-at-first-ost","status":"publish","type":"product","link":"https:\/\/kstoryespana.com\/es\/product\/pre-order-jinxed-at-first-ost\/","title":{"rendered":"JINXED AT FIRST \uc9d5\ud06c\uc2a4\uc758 \uc5f0\uc778 OST"},"excerpt":{"rendered":"<p>Release date:\u00a0August\u00a08, 2022 (Important : After 8th of September, it will be shipped from Spain. In august, there is no shipping due to the vacation) JINXED AT FIRST \uc9d5\ud06c\uc2a4\uc758 \uc5f0\uc778 OST ** Noticia importante : La caja \/ caja exterior es simplemente para proteger la mercanc\u00eda. (Los da\u00f1os como ara\u00f1azos o decoloraci\u00f3n de la carcasa [&hellip;]<\/p>\n","protected":false},"featured_media":35119,"template":"","meta":[],"product_brand":[4536],"product_cat":[7225,4400],"product_tag":[7595,8231],"class_list":{"0":"post-12230","1":"product","2":"type-product","3":"status-publish","4":"has-post-thumbnail","6":"product_brand-stock-in-korea","7":"product_cat-album-2","8":"product_cat-kstoryfromkorea","9":"product_tag-jinxed","10":"product_tag-ost","12":"first","13":"instock","14":"taxable","15":"shipping-taxable","16":"purchasable","17":"product-type-simple"},"jetpack_sharing_enabled":true,"_links":{"self":[{"href":"https:\/\/kstoryespana.com\/es\/wp-json\/wp\/v2\/product\/12230","targetHints":{"allow":["GET"]}}],"collection":[{"href":"https:\/\/kstoryespana.com\/es\/wp-json\/wp\/v2\/product"}],"about":[{"href":"https:\/\/kstoryespana.com\/es\/wp-json\/wp\/v2\/types\/product"}],"wp:featuredmedia":[{"embeddable":true,"href":"https:\/\/kstoryespana.com\/es\/wp-json\/wp\/v2\/media\/35119"}],"wp:attachment":[{"href":"https:\/\/kstoryespana.com\/es\/wp-json\/wp\/v2\/media?parent=12230"}],"wp:term":[{"taxonomy":"product_brand","embeddable":true,"href":"https:\/\/kstoryespana.com\/es\/wp-json\/wp\/v2\/product_brand?post=12230"},{"taxonomy":"product_cat","embeddable":true,"href":"https:\/\/kstoryespana.com\/es\/wp-json\/wp\/v2\/product_cat?post=12230"},{"taxonomy":"product_tag","embeddable":true,"href":"https:\/\/kstoryespana.com\/es\/wp-json\/wp\/v2\/product_tag?post=12230"}],"curies":[{"name":"wp","href":"https:\/\/api.w.org\/{rel}","templated":true}]}}