{"id":11658,"date":"2025-05-27T22:02:25","date_gmt":"2025-05-27T22:02:25","guid":{"rendered":"https:\/\/kstoryespana.com\/?product=iu-4th-mini-album-chat-shire"},"modified":"2026-05-03T20:35:15","modified_gmt":"2026-05-03T18:35:15","slug":"iu-4th-mini-album-chat-shire","status":"publish","type":"product","link":"https:\/\/kstoryespana.com\/es\/product\/iu-4th-mini-album-chat-shire\/","title":{"rendered":"IU &#8211; 4th MINI ALBUM [CHAT-SHIRE]"},"excerpt":{"rendered":"<p>Release date:\u00a0Oct. 27th 2015. IU &#8211; 4th MINI ALBUM [CHAT-SHIRE] Noticia Importante:\u00a0La caja \/ caja exterior es simplemente para proteger la mercanc\u00eda. (Los da\u00f1os como ara\u00f1azos o decoloraci\u00f3n de la carcasa \/ caja no est\u00e1n cubiertos). \u00a0<\/p>\n","protected":false},"featured_media":34827,"template":"","meta":[],"product_brand":[],"product_cat":[7225,4400],"product_tag":[7568],"class_list":{"0":"post-11658","1":"product","2":"type-product","3":"status-publish","4":"has-post-thumbnail","6":"product_cat-album-2","7":"product_cat-kstoryfromkorea","8":"product_tag-iu","10":"first","11":"instock","12":"taxable","13":"shipping-taxable","14":"purchasable","15":"product-type-simple"},"jetpack_sharing_enabled":true,"_links":{"self":[{"href":"https:\/\/kstoryespana.com\/es\/wp-json\/wp\/v2\/product\/11658","targetHints":{"allow":["GET"]}}],"collection":[{"href":"https:\/\/kstoryespana.com\/es\/wp-json\/wp\/v2\/product"}],"about":[{"href":"https:\/\/kstoryespana.com\/es\/wp-json\/wp\/v2\/types\/product"}],"wp:featuredmedia":[{"embeddable":true,"href":"https:\/\/kstoryespana.com\/es\/wp-json\/wp\/v2\/media\/34827"}],"wp:attachment":[{"href":"https:\/\/kstoryespana.com\/es\/wp-json\/wp\/v2\/media?parent=11658"}],"wp:term":[{"taxonomy":"product_brand","embeddable":true,"href":"https:\/\/kstoryespana.com\/es\/wp-json\/wp\/v2\/product_brand?post=11658"},{"taxonomy":"product_cat","embeddable":true,"href":"https:\/\/kstoryespana.com\/es\/wp-json\/wp\/v2\/product_cat?post=11658"},{"taxonomy":"product_tag","embeddable":true,"href":"https:\/\/kstoryespana.com\/es\/wp-json\/wp\/v2\/product_tag?post=11658"}],"curies":[{"name":"wp","href":"https:\/\/api.w.org\/{rel}","templated":true}]}}