{"id":11602,"date":"2025-05-27T22:02:13","date_gmt":"2025-05-27T22:02:13","guid":{"rendered":"https:\/\/kstoryespana.com\/?product=itzy-not-shy"},"modified":"2026-05-03T20:35:14","modified_gmt":"2026-05-03T18:35:14","slug":"itzy-not-shy","status":"publish","type":"product","link":"https:\/\/kstoryespana.com\/es\/product\/itzy-not-shy\/","title":{"rendered":"ITZY &#8211; Not Shy"},"content":{"rendered":"<div>\u00a0<\/div>\n<ul>\n<li style=\"text-align: center;\"><span style=\"font-weight: bold;\">Release Date:\u00a0August\u00a018th,\u00a02020<\/span><\/li>\n<\/ul>\n<ul data-mce-fragment=\"1\">\n<li><strong>ITZY &#8211; Not Shy<\/strong><\/li>\n<\/ul>\n<ul data-mce-fragment=\"1\">\n<li data-mce-fragment=\"1\">\n<b>Noticia important :\u00a0<\/b><br \/><b>La caja \/ caja exterior es simplemente para proteger la mercanc\u00eda. (Los da\u00f1os como ara\u00f1azos o decoloraci\u00f3n de la carcasa \/ caja no est\u00e1n cubiertos).<\/b>\n<\/li>\n<\/ul>\n<p><img decoding=\"async\" alt=\"\" src=\"https:\/\/cdn.shopify.com\/s\/files\/1\/0579\/9454\/3257\/files\/1596603643_103884.jpg?v=1638718430\"><\/p>","protected":false},"excerpt":{"rendered":"<p>\u00a0 Release Date:\u00a0August\u00a018th,\u00a02020 ITZY &#8211; Not Shy Noticia important :\u00a0La caja \/ caja exterior es simplemente para proteger la mercanc\u00eda. (Los da\u00f1os como ara\u00f1azos o decoloraci\u00f3n de la carcasa \/ caja no est\u00e1n cubiertos).<\/p>","protected":false},"featured_media":34807,"template":"","meta":[],"product_brand":[4535],"product_cat":[7225,4403],"product_tag":[7564],"class_list":{"0":"post-11602","1":"product","2":"type-product","3":"status-publish","4":"has-post-thumbnail","6":"product_brand-stock-in-spain","7":"product_cat-album-2","8":"product_cat-kstoryespana","9":"product_tag-itzy","11":"first","12":"instock","13":"taxable","14":"shipping-taxable","15":"purchasable","16":"product-type-simple"},"jetpack_sharing_enabled":true,"_links":{"self":[{"href":"https:\/\/kstoryespana.com\/es\/wp-json\/wp\/v2\/product\/11602","targetHints":{"allow":["GET"]}}],"collection":[{"href":"https:\/\/kstoryespana.com\/es\/wp-json\/wp\/v2\/product"}],"about":[{"href":"https:\/\/kstoryespana.com\/es\/wp-json\/wp\/v2\/types\/product"}],"wp:featuredmedia":[{"embeddable":true,"href":"https:\/\/kstoryespana.com\/es\/wp-json\/wp\/v2\/media\/34807"}],"wp:attachment":[{"href":"https:\/\/kstoryespana.com\/es\/wp-json\/wp\/v2\/media?parent=11602"}],"wp:term":[{"taxonomy":"product_brand","embeddable":true,"href":"https:\/\/kstoryespana.com\/es\/wp-json\/wp\/v2\/product_brand?post=11602"},{"taxonomy":"product_cat","embeddable":true,"href":"https:\/\/kstoryespana.com\/es\/wp-json\/wp\/v2\/product_cat?post=11602"},{"taxonomy":"product_tag","embeddable":true,"href":"https:\/\/kstoryespana.com\/es\/wp-json\/wp\/v2\/product_tag?post=11602"}],"curies":[{"name":"wp","href":"https:\/\/api.w.org\/{rel}","templated":true}]}}