{"id":11468,"date":"2025-05-27T22:01:44","date_gmt":"2025-05-27T22:01:44","guid":{"rendered":"https:\/\/kstoryespana.com\/?product=itzy-checkmate-special-edition"},"modified":"2026-05-03T21:24:50","modified_gmt":"2026-05-03T19:24:50","slug":"pre-order-itzy-checkmate-special-edition","status":"publish","type":"product","link":"https:\/\/kstoryespana.com\/es\/product\/pre-order-itzy-checkmate-special-edition\/","title":{"rendered":"ITZY &#8211; CHECKMATE SPECIAL EDITION"},"excerpt":{"rendered":"<p>Release date:\u00a0August\u00a08, 2022 (Important : After 8th of September, it will be shipped from Spain. In august, there is no shipping due to the vacation) ITZY &#8211; CHECKMATE SPECIAL EDITION ** Noticia importante : La caja \/ caja exterior es simplemente para proteger la mercanc\u00eda. (Los da\u00f1os como ara\u00f1azos o decoloraci\u00f3n de la carcasa \/ [&hellip;]<\/p>\n","protected":false},"featured_media":34767,"template":"","meta":[],"product_brand":[4536],"product_cat":[7225,4400],"product_tag":[7564],"class_list":{"0":"post-11468","1":"product","2":"type-product","3":"status-publish","4":"has-post-thumbnail","6":"product_brand-stock-in-korea","7":"product_cat-album-2","8":"product_cat-kstoryfromkorea","9":"product_tag-itzy","11":"first","12":"instock","13":"taxable","14":"shipping-taxable","15":"purchasable","16":"product-type-variable"},"jetpack_sharing_enabled":true,"_links":{"self":[{"href":"https:\/\/kstoryespana.com\/es\/wp-json\/wp\/v2\/product\/11468","targetHints":{"allow":["GET"]}}],"collection":[{"href":"https:\/\/kstoryespana.com\/es\/wp-json\/wp\/v2\/product"}],"about":[{"href":"https:\/\/kstoryespana.com\/es\/wp-json\/wp\/v2\/types\/product"}],"wp:featuredmedia":[{"embeddable":true,"href":"https:\/\/kstoryespana.com\/es\/wp-json\/wp\/v2\/media\/34767"}],"wp:attachment":[{"href":"https:\/\/kstoryespana.com\/es\/wp-json\/wp\/v2\/media?parent=11468"}],"wp:term":[{"taxonomy":"product_brand","embeddable":true,"href":"https:\/\/kstoryespana.com\/es\/wp-json\/wp\/v2\/product_brand?post=11468"},{"taxonomy":"product_cat","embeddable":true,"href":"https:\/\/kstoryespana.com\/es\/wp-json\/wp\/v2\/product_cat?post=11468"},{"taxonomy":"product_tag","embeddable":true,"href":"https:\/\/kstoryespana.com\/es\/wp-json\/wp\/v2\/product_tag?post=11468"}],"curies":[{"name":"wp","href":"https:\/\/api.w.org\/{rel}","templated":true}]}}