{"id":11420,"date":"2025-05-27T22:01:34","date_gmt":"2025-05-27T22:01:34","guid":{"rendered":"https:\/\/kstoryespana.com\/?product=itaewon-class-book-set"},"modified":"2026-04-20T23:49:49","modified_gmt":"2026-04-20T21:49:49","slug":"itaewon-class-book-set","status":"publish","type":"product","link":"https:\/\/kstoryespana.com\/es\/product\/itaewon-class-book-set\/","title":{"rendered":"Itaewon Class Book Set"},"content":{"rendered":"<div>\n<ul data-mce-fragment=\"1\">\n<li data-mce-fragment=\"1\">\u00a0<strong>Itaewon Class Book Set (Books 1-8)<\/strong>\n<\/li>\n<\/ul>\n<ul>\n<li>\n<p>\u00a0<\/p>\n<p><meta charset=\"utf-8\"><br \/>\n<b data-mce-fragment=\"1\">Noticia important :\u00a0La caja \/ caja exterior es simplemente para proteger la mercanc\u00eda. (Los da\u00f1os como ara\u00f1azos o decoloraci\u00f3n de la carcasa \/ caja no est\u00e1n cubiertos).<\/b>\n<\/li>\n<\/ul>\n<\/div>\n<h2>\u00a0<\/h2>\n<p><img fetchpriority=\"high\" decoding=\"async\" src=\"http:\/\/image.kyobobook.co.kr\/images\/book\/illustrate\/595\/i9791162790595.jpg\" alt=\"\uc774\ud0dc\uc6d0 \ud074\ub77c\uc4f0 \ubc15\uc2a4\uc138\ud2b8(\uc8048\uad8c) \ub3c4\uc11c \uc0c1\uc138\uc774\ubbf8\uc9c0\" width=\"549\" height=\"2727\"><\/p>","protected":false},"excerpt":{"rendered":"<p>\u00a0Itaewon Class Book Set (Books 1-8) \u00a0 Noticia important :\u00a0La caja \/ caja exterior es simplemente para proteger la mercanc\u00eda. (Los da\u00f1os como ara\u00f1azos o decoloraci\u00f3n de la carcasa \/ caja no est\u00e1n cubiertos). \u00a0<\/p>","protected":false},"featured_media":34745,"template":"","meta":[],"product_brand":[4536],"product_cat":[4872,4348,4400],"product_tag":[7563],"class_list":{"0":"post-11420","1":"product","2":"type-product","3":"status-publish","4":"has-post-thumbnail","6":"product_brand-stock-in-korea","7":"product_cat-iva-reducida","8":"product_cat-k-product","9":"product_cat-kstoryfromkorea","10":"product_tag-itaewon","12":"first","13":"instock","14":"taxable","15":"shipping-taxable","16":"purchasable","17":"product-type-variable"},"jetpack_sharing_enabled":true,"_links":{"self":[{"href":"https:\/\/kstoryespana.com\/es\/wp-json\/wp\/v2\/product\/11420","targetHints":{"allow":["GET"]}}],"collection":[{"href":"https:\/\/kstoryespana.com\/es\/wp-json\/wp\/v2\/product"}],"about":[{"href":"https:\/\/kstoryespana.com\/es\/wp-json\/wp\/v2\/types\/product"}],"wp:featuredmedia":[{"embeddable":true,"href":"https:\/\/kstoryespana.com\/es\/wp-json\/wp\/v2\/media\/34745"}],"wp:attachment":[{"href":"https:\/\/kstoryespana.com\/es\/wp-json\/wp\/v2\/media?parent=11420"}],"wp:term":[{"taxonomy":"product_brand","embeddable":true,"href":"https:\/\/kstoryespana.com\/es\/wp-json\/wp\/v2\/product_brand?post=11420"},{"taxonomy":"product_cat","embeddable":true,"href":"https:\/\/kstoryespana.com\/es\/wp-json\/wp\/v2\/product_cat?post=11420"},{"taxonomy":"product_tag","embeddable":true,"href":"https:\/\/kstoryespana.com\/es\/wp-json\/wp\/v2\/product_tag?post=11420"}],"curies":[{"name":"wp","href":"https:\/\/api.w.org\/{rel}","templated":true}]}}