{"id":11417,"date":"2025-05-27T22:01:34","date_gmt":"2025-05-27T22:01:34","guid":{"rendered":"https:\/\/kstoryespana.com\/?product=its-okay-thats-love-script-book"},"modified":"2026-04-20T23:24:07","modified_gmt":"2026-04-20T21:24:07","slug":"it-s-okay-that-s-love-script-book","status":"publish","type":"product","link":"https:\/\/kstoryespana.com\/es\/product\/it-s-okay-that-s-love-script-book\/","title":{"rendered":"It&#8217;s Okay, That&#8217;s Love Script Book"},"content":{"rendered":"<ul data-mce-fragment=\"1\">\n<li data-mce-fragment=\"1\"><strong>It&#8217;s Okay, That&#8217;s Love Script Book<\/strong><\/li>\n<\/ul>\n<div style=\"padding-left: 30px;\">\n<ul>\n<li>\n<strong>Pages:<\/strong> <br \/>Vol.1\u00a0&#8211; 364p<br \/><span data-mce-fragment=\"1\">Vol.<\/span>2 &#8211; 320p<\/li>\n<\/ul>\n<\/div>\n<p>\u00a0<\/p>\n<div style=\"padding-left: 30px;\">\n<ul>\n<li>\n<strong>Size:<\/strong> <br \/><span data-mce-fragment=\"1\">Vol.<\/span>1 &#8211;\u00a0<span data-mce-fragment=\"1\">152 * 225 * 20 mm<br \/>Vol.2 &#8211;\u00a0152 * 225 * 30 mm<\/span>\n<\/li>\n<li><span data-mce-fragment=\"1\"><\/span><\/li>\n<\/ul>\n<\/div>\n<p><meta charset=\"utf-8\"><b>Noticia important :\u00a0La caja \/ caja exterior es simplemente para proteger la mercanc\u00eda. (Los da\u00f1os como ara\u00f1azos o decoloraci\u00f3n de la carcasa \/ caja no est\u00e1n cubiertos).<\/b><\/p>\n<h2>\u00a0<\/h2>\n<p><span data-mce-fragment=\"1\"><img decoding=\"async\" src=\"http:\/\/image.kyobobook.co.kr\/images\/book\/illustrate\/661\/i9788994197661.jpg\"><img decoding=\"async\" src=\"http:\/\/image.kyobobook.co.kr\/images\/book\/illustrate\/678\/i9788994197678.jpg\" data-mce-fragment=\"1\"><\/span><\/p>\n<p>\u00a0<\/p>","protected":false},"excerpt":{"rendered":"<p>It&#8217;s Okay, That&#8217;s Love Script Book Pages: Vol.1\u00a0&#8211; 364pVol.2 &#8211; 320p \u00a0 Size: Vol.1 &#8211;\u00a0152 * 225 * 20 mmVol.2 &#8211;\u00a0152 * 225 * 30 mm Noticia important :\u00a0La caja \/ caja exterior es simplemente para proteger la mercanc\u00eda. (Los da\u00f1os como ara\u00f1azos o decoloraci\u00f3n de la carcasa \/ caja no est\u00e1n cubiertos). \u00a0 \u00a0<\/p>","protected":false},"featured_media":34743,"template":"","meta":[],"product_brand":[4536],"product_cat":[4872,4348,4400],"product_tag":[7562],"class_list":{"0":"post-11417","1":"product","2":"type-product","3":"status-publish","4":"has-post-thumbnail","6":"product_brand-stock-in-korea","7":"product_cat-iva-reducida","8":"product_cat-k-product","9":"product_cat-kstoryfromkorea","10":"product_tag-its","12":"first","13":"instock","14":"taxable","15":"shipping-taxable","16":"purchasable","17":"product-type-variable"},"jetpack_sharing_enabled":true,"_links":{"self":[{"href":"https:\/\/kstoryespana.com\/es\/wp-json\/wp\/v2\/product\/11417","targetHints":{"allow":["GET"]}}],"collection":[{"href":"https:\/\/kstoryespana.com\/es\/wp-json\/wp\/v2\/product"}],"about":[{"href":"https:\/\/kstoryespana.com\/es\/wp-json\/wp\/v2\/types\/product"}],"wp:featuredmedia":[{"embeddable":true,"href":"https:\/\/kstoryespana.com\/es\/wp-json\/wp\/v2\/media\/34743"}],"wp:attachment":[{"href":"https:\/\/kstoryespana.com\/es\/wp-json\/wp\/v2\/media?parent=11417"}],"wp:term":[{"taxonomy":"product_brand","embeddable":true,"href":"https:\/\/kstoryespana.com\/es\/wp-json\/wp\/v2\/product_brand?post=11417"},{"taxonomy":"product_cat","embeddable":true,"href":"https:\/\/kstoryespana.com\/es\/wp-json\/wp\/v2\/product_cat?post=11417"},{"taxonomy":"product_tag","embeddable":true,"href":"https:\/\/kstoryespana.com\/es\/wp-json\/wp\/v2\/product_tag?post=11417"}],"curies":[{"name":"wp","href":"https:\/\/api.w.org\/{rel}","templated":true}]}}