{"id":11323,"date":"2025-05-27T22:01:10","date_gmt":"2025-05-27T22:01:10","guid":{"rendered":"https:\/\/kstoryespana.com\/?product=ikon-4th-mini-album-flashback-photobook-ver"},"modified":"2026-05-03T21:24:44","modified_gmt":"2026-05-03T19:24:44","slug":"pre-order-ikon-4th-mini-album-flashback-photobook-ver","status":"publish","type":"product","link":"https:\/\/kstoryespana.com\/es\/product\/pre-order-ikon-4th-mini-album-flashback-photobook-ver\/","title":{"rendered":"iKON &#8211; 4th MINI ALBUM [FLASHBACK] (PHOTOBOOK ver.)"},"excerpt":{"rendered":"<p>Release date :\u00a0May\u00a010, 2022.\u00a0 \u00a0 \u00a0 \u00a0 iKON &#8211; 4th MINI ALBUM [FLASHBACK] (PHOTOBOOK ver.) Noticia importante\u00a0:\u00a0La caja \/ caja exterior es simplemente para proteger la mercanc\u00eda. (Los da\u00f1os como ara\u00f1azos o decoloraci\u00f3n de la carcasa \/ caja no est\u00e1n cubiertos).<\/p>\n","protected":false},"featured_media":107563,"template":"","meta":[],"product_brand":[4536],"product_cat":[7225,4400],"product_tag":[7553,8254],"class_list":{"0":"post-11323","1":"product","2":"type-product","3":"status-publish","4":"has-post-thumbnail","6":"product_brand-stock-in-korea","7":"product_cat-album-2","8":"product_cat-kstoryfromkorea","9":"product_tag-ikon","10":"product_tag-photobook","12":"first","13":"instock","14":"taxable","15":"shipping-taxable","16":"purchasable","17":"product-type-variable"},"jetpack_sharing_enabled":true,"_links":{"self":[{"href":"https:\/\/kstoryespana.com\/es\/wp-json\/wp\/v2\/product\/11323","targetHints":{"allow":["GET"]}}],"collection":[{"href":"https:\/\/kstoryespana.com\/es\/wp-json\/wp\/v2\/product"}],"about":[{"href":"https:\/\/kstoryespana.com\/es\/wp-json\/wp\/v2\/types\/product"}],"wp:featuredmedia":[{"embeddable":true,"href":"https:\/\/kstoryespana.com\/es\/wp-json\/wp\/v2\/media\/107563"}],"wp:attachment":[{"href":"https:\/\/kstoryespana.com\/es\/wp-json\/wp\/v2\/media?parent=11323"}],"wp:term":[{"taxonomy":"product_brand","embeddable":true,"href":"https:\/\/kstoryespana.com\/es\/wp-json\/wp\/v2\/product_brand?post=11323"},{"taxonomy":"product_cat","embeddable":true,"href":"https:\/\/kstoryespana.com\/es\/wp-json\/wp\/v2\/product_cat?post=11323"},{"taxonomy":"product_tag","embeddable":true,"href":"https:\/\/kstoryespana.com\/es\/wp-json\/wp\/v2\/product_tag?post=11323"}],"curies":[{"name":"wp","href":"https:\/\/api.w.org\/{rel}","templated":true}]}}