{"id":11322,"date":"2025-05-27T22:01:10","date_gmt":"2025-05-27T22:01:10","guid":{"rendered":"https:\/\/kstoryespana.com\/?product=ikon-4th-mini-album-flashback-digipack-ver"},"modified":"2026-05-03T20:34:58","modified_gmt":"2026-05-03T18:34:58","slug":"pre-order-ikon-4th-mini-album-flashback-digipack-ver","status":"publish","type":"product","link":"https:\/\/kstoryespana.com\/es\/product\/pre-order-ikon-4th-mini-album-flashback-digipack-ver\/","title":{"rendered":"iKON &#8211; 4th MINI ALBUM [FLASHBACK] (DIGIPACK ver.)"},"excerpt":{"rendered":"<p>Release date :\u00a0May\u00a010, 2022.\u00a0 \u00a0 \u00a0 \u00a0 iKON &#8211; 4th MINI ALBUM [FLASHBACK] (DIGIPACK ver.) Noticia importante\u00a0:\u00a0La caja \/ caja exterior es simplemente para proteger la mercanc\u00eda. (Los da\u00f1os como ara\u00f1azos o decoloraci\u00f3n de la carcasa \/ caja no est\u00e1n cubiertos).<\/p>\n","protected":false},"featured_media":107566,"template":"","meta":[],"product_brand":[4536],"product_cat":[7225,4400],"product_tag":[7553],"class_list":{"0":"post-11322","1":"product","2":"type-product","3":"status-publish","4":"has-post-thumbnail","6":"product_brand-stock-in-korea","7":"product_cat-album-2","8":"product_cat-kstoryfromkorea","9":"product_tag-ikon","11":"first","12":"instock","13":"taxable","14":"shipping-taxable","15":"purchasable","16":"product-type-simple"},"jetpack_sharing_enabled":true,"_links":{"self":[{"href":"https:\/\/kstoryespana.com\/es\/wp-json\/wp\/v2\/product\/11322","targetHints":{"allow":["GET"]}}],"collection":[{"href":"https:\/\/kstoryespana.com\/es\/wp-json\/wp\/v2\/product"}],"about":[{"href":"https:\/\/kstoryespana.com\/es\/wp-json\/wp\/v2\/types\/product"}],"wp:featuredmedia":[{"embeddable":true,"href":"https:\/\/kstoryespana.com\/es\/wp-json\/wp\/v2\/media\/107566"}],"wp:attachment":[{"href":"https:\/\/kstoryespana.com\/es\/wp-json\/wp\/v2\/media?parent=11322"}],"wp:term":[{"taxonomy":"product_brand","embeddable":true,"href":"https:\/\/kstoryespana.com\/es\/wp-json\/wp\/v2\/product_brand?post=11322"},{"taxonomy":"product_cat","embeddable":true,"href":"https:\/\/kstoryespana.com\/es\/wp-json\/wp\/v2\/product_cat?post=11322"},{"taxonomy":"product_tag","embeddable":true,"href":"https:\/\/kstoryespana.com\/es\/wp-json\/wp\/v2\/product_tag?post=11322"}],"curies":[{"name":"wp","href":"https:\/\/api.w.org\/{rel}","templated":true}]}}