{"id":11226,"date":"2025-05-27T22:00:46","date_gmt":"2025-05-27T22:00:46","guid":{"rendered":"https:\/\/kstoryespana.com\/?product=hometown-cha-cha-cha-book-set"},"modified":"2026-05-03T21:24:33","modified_gmt":"2026-05-03T19:24:33","slug":"hometown-cha-cha-cha-book-set","status":"publish","type":"product","link":"https:\/\/kstoryespana.com\/es\/product\/hometown-cha-cha-cha-book-set\/","title":{"rendered":"Hometown Cha-Cha-Cha Book Set"},"excerpt":{"rendered":"<p>Hometown Cha-Cha-Cha Book Set Pages: 460p Size:\u00a0152 x 225\u00a0mm Noticia important :\u00a0La caja \/ caja exterior es simplemente para proteger la mercanc\u00eda. (Los da\u00f1os como ara\u00f1azos o decoloraci\u00f3n de la carcasa \/ caja no est\u00e1n cubiertos). \u00a0<\/p>","protected":false},"featured_media":34602,"template":"","meta":[],"product_brand":[4536],"product_cat":[8488,4400],"product_tag":[8293,8231],"class_list":{"0":"post-11226","1":"product","2":"type-product","3":"status-publish","4":"has-post-thumbnail","6":"product_brand-stock-in-korea","7":"product_cat-photobook","8":"product_cat-kstoryfromkorea","9":"product_tag-hometown-cha","10":"product_tag-ost","12":"first","13":"instock","14":"taxable","15":"shipping-taxable","16":"purchasable","17":"product-type-simple"},"jetpack_sharing_enabled":true,"_links":{"self":[{"href":"https:\/\/kstoryespana.com\/es\/wp-json\/wp\/v2\/product\/11226","targetHints":{"allow":["GET"]}}],"collection":[{"href":"https:\/\/kstoryespana.com\/es\/wp-json\/wp\/v2\/product"}],"about":[{"href":"https:\/\/kstoryespana.com\/es\/wp-json\/wp\/v2\/types\/product"}],"wp:featuredmedia":[{"embeddable":true,"href":"https:\/\/kstoryespana.com\/es\/wp-json\/wp\/v2\/media\/34602"}],"wp:attachment":[{"href":"https:\/\/kstoryespana.com\/es\/wp-json\/wp\/v2\/media?parent=11226"}],"wp:term":[{"taxonomy":"product_brand","embeddable":true,"href":"https:\/\/kstoryespana.com\/es\/wp-json\/wp\/v2\/product_brand?post=11226"},{"taxonomy":"product_cat","embeddable":true,"href":"https:\/\/kstoryespana.com\/es\/wp-json\/wp\/v2\/product_cat?post=11226"},{"taxonomy":"product_tag","embeddable":true,"href":"https:\/\/kstoryespana.com\/es\/wp-json\/wp\/v2\/product_tag?post=11226"}],"curies":[{"name":"wp","href":"https:\/\/api.w.org\/{rel}","templated":true}]}}