{"id":11049,"date":"2025-05-27T22:00:02","date_gmt":"2025-05-27T22:00:02","guid":{"rendered":"https:\/\/kstoryespana.com\/?product=ha-sung-woon-special-album-you"},"modified":"2026-05-03T22:03:45","modified_gmt":"2026-05-03T20:03:45","slug":"ha-sung-woon-special-album-you","status":"publish","type":"product","link":"https:\/\/kstoryespana.com\/es\/product\/ha-sung-woon-special-album-you\/","title":{"rendered":"HA SUNG WOON &#8211; SPECIAL ALBUM YOU"},"excerpt":{"rendered":"<p>\u00a0Release date:\u00a0February 10th 2022. Ha Sung Woon&#8217;s Special Album &#8211; YOU Contents :&#8211; 1\u00a0Out Box&#8211; 1 Photo Book (60p)&#8211; 1\u00a0CD-R\u00a0&#8211; 1\u00a0Voice Ticket&#8211; 1\u00a0Coaster&#8211; 1\u00a0Film\u00a0(Random 1 out of 3)&#8211; 1 Photo Card\u00a0(Random 1 out of 4) Noticia important :\u00a0La caja \/ caja exterior es simplemente para proteger la mercanc\u00eda. (Los da\u00f1os como ara\u00f1azos o decoloraci\u00f3n de [&hellip;]<\/p>\n","protected":false},"featured_media":34521,"template":"","meta":[],"product_brand":[4536],"product_cat":[7225,4400],"product_tag":[7517],"class_list":{"0":"post-11049","1":"product","2":"type-product","3":"status-publish","4":"has-post-thumbnail","6":"product_brand-stock-in-korea","7":"product_cat-album-2","8":"product_cat-kstoryfromkorea","9":"product_tag-ha-sung-woon","11":"first","12":"instock","13":"taxable","14":"shipping-taxable","15":"purchasable","16":"product-type-simple"},"jetpack_sharing_enabled":true,"_links":{"self":[{"href":"https:\/\/kstoryespana.com\/es\/wp-json\/wp\/v2\/product\/11049","targetHints":{"allow":["GET"]}}],"collection":[{"href":"https:\/\/kstoryespana.com\/es\/wp-json\/wp\/v2\/product"}],"about":[{"href":"https:\/\/kstoryespana.com\/es\/wp-json\/wp\/v2\/types\/product"}],"wp:featuredmedia":[{"embeddable":true,"href":"https:\/\/kstoryespana.com\/es\/wp-json\/wp\/v2\/media\/34521"}],"wp:attachment":[{"href":"https:\/\/kstoryespana.com\/es\/wp-json\/wp\/v2\/media?parent=11049"}],"wp:term":[{"taxonomy":"product_brand","embeddable":true,"href":"https:\/\/kstoryespana.com\/es\/wp-json\/wp\/v2\/product_brand?post=11049"},{"taxonomy":"product_cat","embeddable":true,"href":"https:\/\/kstoryespana.com\/es\/wp-json\/wp\/v2\/product_cat?post=11049"},{"taxonomy":"product_tag","embeddable":true,"href":"https:\/\/kstoryespana.com\/es\/wp-json\/wp\/v2\/product_tag?post=11049"}],"curies":[{"name":"wp","href":"https:\/\/api.w.org\/{rel}","templated":true}]}}