{"id":11041,"date":"2025-05-27T21:59:59","date_gmt":"2025-05-27T21:59:59","guid":{"rendered":"https:\/\/kstoryespana.com\/?product=ha-sung-woon-7th-mini-album-strange-world-photobook"},"modified":"2026-05-03T21:24:26","modified_gmt":"2026-05-03T19:24:26","slug":"pre-order-ha-sung-woon-7th-mini-album-strange-world-photobook","status":"publish","type":"product","link":"https:\/\/kstoryespana.com\/es\/producto\/pre-order-ha-sung-woon-7th-mini-album-strange-world-photobook\/","title":{"rendered":"HA SUNG WOON &#8211; 7th Mini Album [Strange World] Photobook"},"content":{"rendered":"<div style=\"text-align: center;\" data-mce-style=\"text-align: center;\"><\/div>\n<h3 style=\"text-align: center;\" data-mce-style=\"text-align: center;\">Release date:<span>\u00a0<\/span><span style=\"color: #ff2a00;\" color=\"#ff2a00\" data-mce-style=\"color: #ff2a00;\">August<\/span><span style=\"color: #f10808;\" data-mce-style=\"color: #f10808;\">\u00a025, 2022<\/span><br \/>\n<\/h3>\n<ul class=\"ul1\">\n<li class=\"li1\">HA SUNG WOON &#8211; 7th Mini Album [Strange World] Photobook<\/li>\n<\/ul>\n<ul class=\"ul1\">\n<li class=\"li1\"><a href=\"https:\/\/kstoryespana.es\/products\/poster-153-ha-sung-woon-strange-world?utm_source=copyToPasteBoard&#038;utm_medium=product-links&#038;utm_content=web\"><strong>[POSTER]\u00a0 Ha Sung Woon &#8211; Strange World<\/strong><\/a><\/li>\n<\/ul>\n<p class=\"p2\"><strong>** Noticia importante : La caja \/ caja exterior es simplemente para proteger la mercanc\u00eda. (Los da\u00f1os como ara\u00f1azos o decoloraci\u00f3n de la carcasa \/ caja no est\u00e1n cubiertos)<\/strong>.<\/p>\n<p class=\"p2\"><img decoding=\"async\" alt=\"\" src=\"https:\/\/cdn.shopify.com\/s\/files\/1\/0579\/9454\/3257\/files\/7_-_Photobook_-SET.jpg?v=1660209342\"><\/p>\n<div style=\"text-align: center;\" data-mce-style=\"text-align: center;\"><\/div>\n<div style=\"text-align: center;\" data-mce-style=\"text-align: center;\"><\/div>\n<div style=\"text-align: center;\" data-mce-style=\"text-align: center;\"><\/div>\n","protected":false},"excerpt":{"rendered":"<p>Release date:\u00a0August\u00a025, 2022 HA SUNG WOON &#8211; 7th Mini Album [Strange World] Photobook [POSTER]\u00a0 Ha Sung Woon &#8211; Strange World ** Noticia importante : La caja \/ caja exterior es simplemente para proteger la mercanc\u00eda. (Los da\u00f1os como ara\u00f1azos o decoloraci\u00f3n de la carcasa \/ caja no est\u00e1n cubiertos).<\/p>\n","protected":false},"featured_media":34519,"template":"","meta":[],"product_brand":[4536],"product_cat":[7225,4400],"product_tag":[7517,8254],"class_list":{"0":"post-11041","1":"product","2":"type-product","3":"status-publish","4":"has-post-thumbnail","6":"product_brand-stock-in-korea","7":"product_cat-album-2","8":"product_cat-kstoryfromkorea","9":"product_tag-ha-sung-woon","10":"product_tag-photobook","12":"first","13":"instock","14":"taxable","15":"shipping-taxable","16":"purchasable","17":"product-type-variable"},"jetpack_sharing_enabled":true,"_links":{"self":[{"href":"https:\/\/kstoryespana.com\/es\/wp-json\/wp\/v2\/product\/11041","targetHints":{"allow":["GET"]}}],"collection":[{"href":"https:\/\/kstoryespana.com\/es\/wp-json\/wp\/v2\/product"}],"about":[{"href":"https:\/\/kstoryespana.com\/es\/wp-json\/wp\/v2\/types\/product"}],"wp:featuredmedia":[{"embeddable":true,"href":"https:\/\/kstoryespana.com\/es\/wp-json\/wp\/v2\/media\/34519"}],"wp:attachment":[{"href":"https:\/\/kstoryespana.com\/es\/wp-json\/wp\/v2\/media?parent=11041"}],"wp:term":[{"taxonomy":"product_brand","embeddable":true,"href":"https:\/\/kstoryespana.com\/es\/wp-json\/wp\/v2\/product_brand?post=11041"},{"taxonomy":"product_cat","embeddable":true,"href":"https:\/\/kstoryespana.com\/es\/wp-json\/wp\/v2\/product_cat?post=11041"},{"taxonomy":"product_tag","embeddable":true,"href":"https:\/\/kstoryespana.com\/es\/wp-json\/wp\/v2\/product_tag?post=11041"}],"curies":[{"name":"wp","href":"https:\/\/api.w.org\/{rel}","templated":true}]}}