{"id":11016,"date":"2025-05-27T21:59:53","date_gmt":"2025-05-27T21:59:53","guid":{"rendered":"https:\/\/kstoryespana.com\/?product=gq-magazine-2022-april-cover-exo-sehun"},"modified":"2026-05-03T20:46:17","modified_gmt":"2026-05-03T18:46:17","slug":"pre-order-gq-magazine-2022-april-cover-exo-sehun","status":"publish","type":"product","link":"https:\/\/kstoryespana.com\/es\/product\/pre-order-gq-magazine-2022-april-cover-exo-sehun\/","title":{"rendered":"GQ MAGAZINE 2022 APRIL (COVER EXO SEHUN)"},"excerpt":{"rendered":"<p>Release date:\u00a0March 28th\u00a02022. \u00a0 GQ MAGAZINE 2022 APRIL EXO SEHUN\u00a0COVER EXO SEHUN\u00a0stars the cover of GQ Magazine for April 2022 Issue. Main Contents :&#8211; EXO\u00a0SEHUN\u00a016p Language : Korean Noticia important :La caja \/ caja exterior es simplemente para proteger la mercanc\u00eda. (Los da\u00f1os como ara\u00f1azos o decoloraci\u00f3n de la carcasa \/ caja no est\u00e1n cubiertos).<\/p>","protected":false},"featured_media":34502,"template":"","meta":[],"product_brand":[4536],"product_cat":[4872,4400],"product_tag":[],"class_list":{"0":"post-11016","1":"product","2":"type-product","3":"status-publish","4":"has-post-thumbnail","6":"product_brand-stock-in-korea","7":"product_cat-iva-reducida","8":"product_cat-kstoryfromkorea","10":"first","11":"outofstock","12":"taxable","13":"shipping-taxable","14":"purchasable","15":"product-type-variable"},"jetpack_sharing_enabled":true,"_links":{"self":[{"href":"https:\/\/kstoryespana.com\/es\/wp-json\/wp\/v2\/product\/11016","targetHints":{"allow":["GET"]}}],"collection":[{"href":"https:\/\/kstoryespana.com\/es\/wp-json\/wp\/v2\/product"}],"about":[{"href":"https:\/\/kstoryespana.com\/es\/wp-json\/wp\/v2\/types\/product"}],"wp:featuredmedia":[{"embeddable":true,"href":"https:\/\/kstoryespana.com\/es\/wp-json\/wp\/v2\/media\/34502"}],"wp:attachment":[{"href":"https:\/\/kstoryespana.com\/es\/wp-json\/wp\/v2\/media?parent=11016"}],"wp:term":[{"taxonomy":"product_brand","embeddable":true,"href":"https:\/\/kstoryespana.com\/es\/wp-json\/wp\/v2\/product_brand?post=11016"},{"taxonomy":"product_cat","embeddable":true,"href":"https:\/\/kstoryespana.com\/es\/wp-json\/wp\/v2\/product_cat?post=11016"},{"taxonomy":"product_tag","embeddable":true,"href":"https:\/\/kstoryespana.com\/es\/wp-json\/wp\/v2\/product_tag?post=11016"}],"curies":[{"name":"wp","href":"https:\/\/api.w.org\/{rel}","templated":true}]}}