{"id":109785,"date":"2026-05-04T17:49:22","date_gmt":"2026-05-04T15:49:22","guid":{"rendered":"https:\/\/kstoryespana.com\/product\/txt-act-tomorrow-world-tour-in-seoul-digital-code\/"},"modified":"2026-05-05T16:14:04","modified_gmt":"2026-05-05T14:14:04","slug":"txt-act-tomorrow-world-tour-en-seul-codigo-digital","status":"publish","type":"product","link":"https:\/\/kstoryespana.com\/es\/product\/txt-act-tomorrow-world-tour-in-seoul-digital-code\/","title":{"rendered":"TXT - ACT : MA\u00d1ANA GIRA MUNDIAL EN SE\u00daL C\u00d3DIGO DIGITAL"},"excerpt":{"rendered":"<p>Release date: May 26th, 2026 TXT &#8211; ACT : TOMORROW WORLD TOUR IN SEOUL DIGITAL CODE<\/p>","protected":false},"featured_media":109786,"template":"","meta":[],"product_brand":[4536],"product_cat":[7225,4400],"product_tag":[6756,6938],"class_list":{"0":"post-109785","1":"product","2":"type-product","3":"status-publish","4":"has-post-thumbnail","6":"product_brand-stock-in-korea","7":"product_cat-album-2","8":"product_cat-kstoryfromkorea","9":"product_tag-preorder","10":"product_tag-txt","12":"first","13":"instock","14":"taxable","15":"shipping-taxable","16":"purchasable","17":"product-type-simple"},"jetpack_sharing_enabled":true,"_links":{"self":[{"href":"https:\/\/kstoryespana.com\/es\/wp-json\/wp\/v2\/product\/109785","targetHints":{"allow":["GET"]}}],"collection":[{"href":"https:\/\/kstoryespana.com\/es\/wp-json\/wp\/v2\/product"}],"about":[{"href":"https:\/\/kstoryespana.com\/es\/wp-json\/wp\/v2\/types\/product"}],"wp:featuredmedia":[{"embeddable":true,"href":"https:\/\/kstoryespana.com\/es\/wp-json\/wp\/v2\/media\/109786"}],"wp:attachment":[{"href":"https:\/\/kstoryespana.com\/es\/wp-json\/wp\/v2\/media?parent=109785"}],"wp:term":[{"taxonomy":"product_brand","embeddable":true,"href":"https:\/\/kstoryespana.com\/es\/wp-json\/wp\/v2\/product_brand?post=109785"},{"taxonomy":"product_cat","embeddable":true,"href":"https:\/\/kstoryespana.com\/es\/wp-json\/wp\/v2\/product_cat?post=109785"},{"taxonomy":"product_tag","embeddable":true,"href":"https:\/\/kstoryespana.com\/es\/wp-json\/wp\/v2\/product_tag?post=109785"}],"curies":[{"name":"wp","href":"https:\/\/api.w.org\/{rel}","templated":true}]}}