{"id":10966,"date":"2025-05-27T21:59:43","date_gmt":"2025-05-27T21:59:43","guid":{"rendered":"https:\/\/kstoryespana.com\/?product=golden-child-6th-mini-album-aura-photobook-ver-limited-edition"},"modified":"2026-05-03T22:03:38","modified_gmt":"2026-05-03T20:03:38","slug":"pre-order-golden-child-6th-mini-album-aura-photobook-ver-limited-edition","status":"publish","type":"product","link":"https:\/\/kstoryespana.com\/es\/product\/pre-order-golden-child-6th-mini-album-aura-photobook-ver-limited-edition\/","title":{"rendered":"Golden Child &#8211; 6th Mini Album [AURA] (Photobook ver.) (Limited Edition)"},"excerpt":{"rendered":"<p>Release date:\u00a0August\u00a011, 2022 Golden Child &#8211; 6th Mini Album [AURA] (Photobook ver.) (Limited Edition) Pre-Order Gift | Only for Pre-Order : 1 Poster in Tube ** Noticia importante : La caja \/ caja exterior es simplemente para proteger la mercanc\u00eda. (Los da\u00f1os como ara\u00f1azos o decoloraci\u00f3n de la carcasa \/ caja no est\u00e1n cubiertos).<\/p>\n","protected":false},"featured_media":34469,"template":"","meta":[],"product_brand":[4536],"product_cat":[7225,4400],"product_tag":[7507,8254],"class_list":{"0":"post-10966","1":"product","2":"type-product","3":"status-publish","4":"has-post-thumbnail","6":"product_brand-stock-in-korea","7":"product_cat-album-2","8":"product_cat-kstoryfromkorea","9":"product_tag-golden-child","10":"product_tag-photobook","12":"first","13":"instock","14":"taxable","15":"shipping-taxable","16":"purchasable","17":"product-type-simple"},"jetpack_sharing_enabled":true,"_links":{"self":[{"href":"https:\/\/kstoryespana.com\/es\/wp-json\/wp\/v2\/product\/10966","targetHints":{"allow":["GET"]}}],"collection":[{"href":"https:\/\/kstoryespana.com\/es\/wp-json\/wp\/v2\/product"}],"about":[{"href":"https:\/\/kstoryespana.com\/es\/wp-json\/wp\/v2\/types\/product"}],"wp:featuredmedia":[{"embeddable":true,"href":"https:\/\/kstoryespana.com\/es\/wp-json\/wp\/v2\/media\/34469"}],"wp:attachment":[{"href":"https:\/\/kstoryespana.com\/es\/wp-json\/wp\/v2\/media?parent=10966"}],"wp:term":[{"taxonomy":"product_brand","embeddable":true,"href":"https:\/\/kstoryespana.com\/es\/wp-json\/wp\/v2\/product_brand?post=10966"},{"taxonomy":"product_cat","embeddable":true,"href":"https:\/\/kstoryespana.com\/es\/wp-json\/wp\/v2\/product_cat?post=10966"},{"taxonomy":"product_tag","embeddable":true,"href":"https:\/\/kstoryespana.com\/es\/wp-json\/wp\/v2\/product_tag?post=10966"}],"curies":[{"name":"wp","href":"https:\/\/api.w.org\/{rel}","templated":true}]}}