{"id":10965,"date":"2025-05-27T21:59:43","date_gmt":"2025-05-27T21:59:43","guid":{"rendered":"https:\/\/kstoryespana.com\/?product=golden-child-6th-mini-album-aura-compact-ver"},"modified":"2026-05-03T22:03:37","modified_gmt":"2026-05-03T20:03:37","slug":"pre-order-golden-child-6th-mini-album-aura-compact-ver","status":"publish","type":"product","link":"https:\/\/kstoryespana.com\/es\/product\/pre-order-golden-child-6th-mini-album-aura-compact-ver\/","title":{"rendered":"Golden Child &#8211; 6th Mini Album [AURA] (Compact Ver.)"},"excerpt":{"rendered":"<p>Release date:\u00a0August\u00a011, 2022 (Important : After 8th of September, it will be shipped from Spain. In august, there is no shipping due to the vacation) Golden Child &#8211; 6th Mini Album [AURA] (Compact Ver.) ** Noticia importante : La caja \/ caja exterior es simplemente para proteger la mercanc\u00eda. (Los da\u00f1os como ara\u00f1azos o decoloraci\u00f3n [&hellip;]<\/p>\n","protected":false},"featured_media":34468,"template":"","meta":[],"product_brand":[4536],"product_cat":[7225,4400],"product_tag":[7507],"class_list":{"0":"post-10965","1":"product","2":"type-product","3":"status-publish","4":"has-post-thumbnail","6":"product_brand-stock-in-korea","7":"product_cat-album-2","8":"product_cat-kstoryfromkorea","9":"product_tag-golden-child","11":"first","12":"instock","13":"taxable","14":"shipping-taxable","15":"purchasable","16":"product-type-simple"},"jetpack_sharing_enabled":true,"_links":{"self":[{"href":"https:\/\/kstoryespana.com\/es\/wp-json\/wp\/v2\/product\/10965","targetHints":{"allow":["GET"]}}],"collection":[{"href":"https:\/\/kstoryespana.com\/es\/wp-json\/wp\/v2\/product"}],"about":[{"href":"https:\/\/kstoryespana.com\/es\/wp-json\/wp\/v2\/types\/product"}],"wp:featuredmedia":[{"embeddable":true,"href":"https:\/\/kstoryespana.com\/es\/wp-json\/wp\/v2\/media\/34468"}],"wp:attachment":[{"href":"https:\/\/kstoryespana.com\/es\/wp-json\/wp\/v2\/media?parent=10965"}],"wp:term":[{"taxonomy":"product_brand","embeddable":true,"href":"https:\/\/kstoryespana.com\/es\/wp-json\/wp\/v2\/product_brand?post=10965"},{"taxonomy":"product_cat","embeddable":true,"href":"https:\/\/kstoryespana.com\/es\/wp-json\/wp\/v2\/product_cat?post=10965"},{"taxonomy":"product_tag","embeddable":true,"href":"https:\/\/kstoryespana.com\/es\/wp-json\/wp\/v2\/product_tag?post=10965"}],"curies":[{"name":"wp","href":"https:\/\/api.w.org\/{rel}","templated":true}]}}