{"id":10956,"date":"2025-05-27T21:59:41","date_gmt":"2025-05-27T21:59:41","guid":{"rendered":"https:\/\/kstoryespana.com\/?product=goblin-original-book-set"},"modified":"2026-05-03T22:03:36","modified_gmt":"2026-05-03T20:03:36","slug":"goblin-original-book-set","status":"publish","type":"product","link":"https:\/\/kstoryespana.com\/es\/product\/goblin-original-book-set\/","title":{"rendered":"Goblin &#8211; Original Book Set"},"excerpt":{"rendered":"<p>Goblin Original Book Set (book 1&#038;2) Index : \ub0ad\ub9cc\uc801 \uc800\uc8fc\ub3c4\uae68\ube44 \uc2e0\ubd80\uba54\ubc00\uaf43\uc758 \uaf43\ub9d0\uc0ac\ub791\ud574\uc694\uae30\uc801\uc6b0\uc6b8\uc758 \uc99d\uac70\ud638\uc6b0\uc8fc\uc758\ubcf4\uc624\uc2dc\uc758 \ud587\ube5b\uadf8\uc758 \uc774\ub984\uc120\ud0dd\ucc2c\ub780\ud55c \uc21c\uac04\ub0a0\uc774 \uc88b\uc544\uc11c\uccab\uc0ac\ub791\uc774\uc5c8\ub2e4 \u00a0 Noticia important :\u00a0La caja \/ caja exterior es simplemente para proteger la mercanc\u00eda. (Los da\u00f1os como ara\u00f1azos o decoloraci\u00f3n de la carcasa \/ caja no est\u00e1n cubiertos).<\/p>","protected":false},"featured_media":34456,"template":"","meta":[],"product_brand":[],"product_cat":[8488,4400],"product_tag":[8231],"class_list":{"0":"post-10956","1":"product","2":"type-product","3":"status-publish","4":"has-post-thumbnail","6":"product_cat-photobook","7":"product_cat-kstoryfromkorea","8":"product_tag-ost","10":"first","11":"instock","12":"taxable","13":"shipping-taxable","14":"purchasable","15":"product-type-simple"},"jetpack_sharing_enabled":true,"_links":{"self":[{"href":"https:\/\/kstoryespana.com\/es\/wp-json\/wp\/v2\/product\/10956","targetHints":{"allow":["GET"]}}],"collection":[{"href":"https:\/\/kstoryespana.com\/es\/wp-json\/wp\/v2\/product"}],"about":[{"href":"https:\/\/kstoryespana.com\/es\/wp-json\/wp\/v2\/types\/product"}],"wp:featuredmedia":[{"embeddable":true,"href":"https:\/\/kstoryespana.com\/es\/wp-json\/wp\/v2\/media\/34456"}],"wp:attachment":[{"href":"https:\/\/kstoryespana.com\/es\/wp-json\/wp\/v2\/media?parent=10956"}],"wp:term":[{"taxonomy":"product_brand","embeddable":true,"href":"https:\/\/kstoryespana.com\/es\/wp-json\/wp\/v2\/product_brand?post=10956"},{"taxonomy":"product_cat","embeddable":true,"href":"https:\/\/kstoryespana.com\/es\/wp-json\/wp\/v2\/product_cat?post=10956"},{"taxonomy":"product_tag","embeddable":true,"href":"https:\/\/kstoryespana.com\/es\/wp-json\/wp\/v2\/product_tag?post=10956"}],"curies":[{"name":"wp","href":"https:\/\/api.w.org\/{rel}","templated":true}]}}