{"id":10826,"date":"2025-05-27T21:59:11","date_gmt":"2025-05-27T21:59:11","guid":{"rendered":"https:\/\/kstoryespana.com\/?product=fromis_9-5th-mini-album-from-our-memento-box"},"modified":"2026-05-03T20:34:38","modified_gmt":"2026-05-03T18:34:38","slug":"pre-order-fromis_9-5th-mini-album-from-our-memento-box","status":"publish","type":"product","link":"https:\/\/kstoryespana.com\/es\/product\/pre-order-fromis_9-5th-mini-album-from-our-memento-box\/","title":{"rendered":"fromis_9 &#8211; 5th Mini Album [from our Memento Box]"},"excerpt":{"rendered":"<p>Release date: June\u00a027, 2022 fromis_9 &#8211; 5th Mini Album [from our Memento Box] Pre-Order Gift | Pre-order only &#8211; 1 PHOTO TICKET (BY VERSION, RANDOM 1 OUT OF 9)&#8211; 1 POSTER\u00a0 ** Noticia importante : La caja \/ caja exterior es simplemente para proteger la mercanc\u00eda. (Los da\u00f1os como ara\u00f1azos o decoloraci\u00f3n de la carcasa [&hellip;]<\/p>\n","protected":false},"featured_media":34384,"template":"","meta":[],"product_brand":[],"product_cat":[7225,4403],"product_tag":[7494],"class_list":{"0":"post-10826","1":"product","2":"type-product","3":"status-publish","4":"has-post-thumbnail","6":"product_cat-album-2","7":"product_cat-kstoryespana","8":"product_tag-fromis_9","10":"first","11":"instock","12":"taxable","13":"shipping-taxable","14":"purchasable","15":"product-type-variable"},"jetpack_sharing_enabled":true,"_links":{"self":[{"href":"https:\/\/kstoryespana.com\/es\/wp-json\/wp\/v2\/product\/10826","targetHints":{"allow":["GET"]}}],"collection":[{"href":"https:\/\/kstoryespana.com\/es\/wp-json\/wp\/v2\/product"}],"about":[{"href":"https:\/\/kstoryespana.com\/es\/wp-json\/wp\/v2\/types\/product"}],"wp:featuredmedia":[{"embeddable":true,"href":"https:\/\/kstoryespana.com\/es\/wp-json\/wp\/v2\/media\/34384"}],"wp:attachment":[{"href":"https:\/\/kstoryespana.com\/es\/wp-json\/wp\/v2\/media?parent=10826"}],"wp:term":[{"taxonomy":"product_brand","embeddable":true,"href":"https:\/\/kstoryespana.com\/es\/wp-json\/wp\/v2\/product_brand?post=10826"},{"taxonomy":"product_cat","embeddable":true,"href":"https:\/\/kstoryespana.com\/es\/wp-json\/wp\/v2\/product_cat?post=10826"},{"taxonomy":"product_tag","embeddable":true,"href":"https:\/\/kstoryespana.com\/es\/wp-json\/wp\/v2\/product_tag?post=10826"}],"curies":[{"name":"wp","href":"https:\/\/api.w.org\/{rel}","templated":true}]}}