{"id":10781,"date":"2025-05-27T21:59:00","date_gmt":"2025-05-27T21:59:00","guid":{"rendered":"https:\/\/kstoryespana.com\/?product=forestella-mini-1st-album-the-beginning-world-tree"},"modified":"2026-05-03T22:03:33","modified_gmt":"2026-05-03T20:03:33","slug":"pre-order-forestella-mini-1st-album-the-beginning-world-tree","status":"publish","type":"product","link":"https:\/\/kstoryespana.com\/es\/product\/pre-order-forestella-mini-1st-album-the-beginning-world-tree\/","title":{"rendered":"FORESTELLA &#8211; Mini 1st Album [The Beginning : World Tree]"},"excerpt":{"rendered":"<p>Release date: May\u00a031, 2022 FORESTELLA &#8211; Mini 1st Album [The Beginning : World Tree] \u00a0 ** Noticia importante : La caja \/ caja exterior es simplemente para proteger la mercanc\u00eda. (Los da\u00f1os como ara\u00f1azos o decoloraci\u00f3n de la carcasa \/ caja no est\u00e1n cubiertos).<\/p>\n","protected":false},"featured_media":34350,"template":"","meta":[],"product_brand":[4536],"product_cat":[7225,4400],"product_tag":[7490],"class_list":{"0":"post-10781","1":"product","2":"type-product","3":"status-publish","4":"has-post-thumbnail","6":"product_brand-stock-in-korea","7":"product_cat-album-2","8":"product_cat-kstoryfromkorea","9":"product_tag-forestella","11":"first","12":"instock","13":"taxable","14":"shipping-taxable","15":"purchasable","16":"product-type-variable"},"jetpack_sharing_enabled":true,"_links":{"self":[{"href":"https:\/\/kstoryespana.com\/es\/wp-json\/wp\/v2\/product\/10781","targetHints":{"allow":["GET"]}}],"collection":[{"href":"https:\/\/kstoryespana.com\/es\/wp-json\/wp\/v2\/product"}],"about":[{"href":"https:\/\/kstoryespana.com\/es\/wp-json\/wp\/v2\/types\/product"}],"wp:featuredmedia":[{"embeddable":true,"href":"https:\/\/kstoryespana.com\/es\/wp-json\/wp\/v2\/media\/34350"}],"wp:attachment":[{"href":"https:\/\/kstoryespana.com\/es\/wp-json\/wp\/v2\/media?parent=10781"}],"wp:term":[{"taxonomy":"product_brand","embeddable":true,"href":"https:\/\/kstoryespana.com\/es\/wp-json\/wp\/v2\/product_brand?post=10781"},{"taxonomy":"product_cat","embeddable":true,"href":"https:\/\/kstoryespana.com\/es\/wp-json\/wp\/v2\/product_cat?post=10781"},{"taxonomy":"product_tag","embeddable":true,"href":"https:\/\/kstoryespana.com\/es\/wp-json\/wp\/v2\/product_tag?post=10781"}],"curies":[{"name":"wp","href":"https:\/\/api.w.org\/{rel}","templated":true}]}}