{"id":10529,"date":"2025-05-27T21:57:59","date_gmt":"2025-05-27T21:57:59","guid":{"rendered":"https:\/\/kstoryespana.com\/?product=everglow-3rd-mini-album-return-of-the-girl"},"modified":"2026-05-02T11:28:40","modified_gmt":"2026-05-02T09:28:40","slug":"everglow-3rd-mini-album-return-of-the-girl","status":"publish","type":"product","link":"https:\/\/kstoryespana.com\/es\/producto\/everglow-3rd-mini-album-return-of-the-girl\/","title":{"rendered":"EVERGLOW &#8211; 3RD MINI ALBUM RETURN OF THE GIRL"},"content":{"rendered":"<div style=\"text-align: center;\">\n<strong><strong><strong>Release date:\u00a0<\/strong><\/strong><\/strong><strong><span style=\"color: #ff2a00;\">\u00a0December 2nd 2021.<\/span><\/strong><\/p>\n<div>\n<div>\n<div><strong><br \/><\/strong><\/div>\n<\/div>\n<\/div>\n<\/div>\n<ul>\n<li><strong>EVERGLOW&#8217;s\u00a03rd Mini Album &#8211; Return of the girl<br \/>[ GALAXY ver. \/ BIKER ver. ]\n<p><\/strong><\/li>\n<\/ul>\n<ul>\n<li>\n<span style=\"color: #ff2a00;\"><strong>FIRST PRESS ONLY\u3163SUPER LIMITED, FIRST COME FIRST SERVE<\/strong><\/span><br \/>&#8211; 1 Folded Poster (By Version, Random 1 out of 6)<br \/>&#8211; 1 Hologram Photo Card (Random 1 out of 12)<br \/>&#8211; 1 Polaroid (LIMITED quantity will be RANDOMLY distributed)<br \/><strong><br \/><\/strong>\n<\/li>\n<li>\n<strong><strong><strong>Package for\u00a0Each ver. :<br \/><\/strong><\/strong><\/strong>&#8211; 1\u00a0Cover<br \/>&#8211; 1 Photo Book (84p)<br \/>&#8211; 1 Postcard Book (9ea)<br \/>&#8211; 1 Sticker (Random 1 out of 6)<br \/>&#8211; 1 Photo Card (Random 1 out of 18)<br \/>&#8211; 1 CD-R (Random 1 out of 6)<\/p>\n<\/li>\n<li>\n<b>Noticia important :<\/b><br \/> <b>La caja \/ caja exterior es simplemente para proteger la mercanc\u00eda. (Los da\u00f1os como ara\u00f1azos o decoloraci\u00f3n de la carcasa \/ caja no est\u00e1n cubiertos).<\/b>\n<\/li>\n<\/ul>\n<p><img decoding=\"async\" alt=\"\" src=\"https:\/\/cdn.shopify.com\/s\/files\/1\/0579\/9454\/3257\/files\/Return_of_the_girl_4030d6a0-f9d6-4cd8-a7a1-d06620a10b50.jpg?v=1639912066\"><\/p>\n","protected":false},"excerpt":{"rendered":"<p>Release date:\u00a0\u00a0December 2nd 2021. EVERGLOW&#8217;s\u00a03rd Mini Album &#8211; Return of the girl[ GALAXY ver. \/ BIKER ver. ] FIRST PRESS ONLY\u3163SUPER LIMITED, FIRST COME FIRST SERVE&#8211; 1 Folded Poster (By Version, Random 1 out of 6)&#8211; 1 Hologram Photo Card (Random 1 out of 12)&#8211; 1 Polaroid (LIMITED quantity will be RANDOMLY distributed) Package for\u00a0Each [&hellip;]<\/p>\n","protected":false},"featured_media":34212,"template":"","meta":[],"product_brand":[4536],"product_cat":[7225],"product_tag":[7470],"class_list":{"0":"post-10529","1":"product","2":"type-product","3":"status-publish","4":"has-post-thumbnail","6":"product_brand-stock-in-korea","7":"product_cat-album-2","8":"product_tag-everglow","10":"first","11":"instock","12":"sale","13":"taxable","14":"shipping-taxable","15":"purchasable","16":"product-type-variable"},"jetpack_sharing_enabled":true,"_links":{"self":[{"href":"https:\/\/kstoryespana.com\/es\/wp-json\/wp\/v2\/product\/10529","targetHints":{"allow":["GET"]}}],"collection":[{"href":"https:\/\/kstoryespana.com\/es\/wp-json\/wp\/v2\/product"}],"about":[{"href":"https:\/\/kstoryespana.com\/es\/wp-json\/wp\/v2\/types\/product"}],"wp:featuredmedia":[{"embeddable":true,"href":"https:\/\/kstoryespana.com\/es\/wp-json\/wp\/v2\/media\/34212"}],"wp:attachment":[{"href":"https:\/\/kstoryespana.com\/es\/wp-json\/wp\/v2\/media?parent=10529"}],"wp:term":[{"taxonomy":"product_brand","embeddable":true,"href":"https:\/\/kstoryespana.com\/es\/wp-json\/wp\/v2\/product_brand?post=10529"},{"taxonomy":"product_cat","embeddable":true,"href":"https:\/\/kstoryespana.com\/es\/wp-json\/wp\/v2\/product_cat?post=10529"},{"taxonomy":"product_tag","embeddable":true,"href":"https:\/\/kstoryespana.com\/es\/wp-json\/wp\/v2\/product_tag?post=10529"}],"curies":[{"name":"wp","href":"https:\/\/api.w.org\/{rel}","templated":true}]}}