{"id":10471,"date":"2025-05-27T23:57:46","date_gmt":"2025-05-27T21:57:46","guid":{"rendered":"https:\/\/kstoryespana.com\/?product=enhypen-sadame-japanese-album-standard-edition"},"modified":"2026-05-03T22:03:04","modified_gmt":"2026-05-03T20:03:04","slug":"pre-order-enhypen-sadame-japanese-album-standard-edition","status":"publish","type":"product","link":"https:\/\/kstoryespana.com\/es\/product\/pre-order-enhypen-sadame-japanese-album-standard-edition\/","title":{"rendered":"ENHYPEN \u2013 Sadame (Japanese Album) [Standard Edition]"},"excerpt":{"rendered":"<p>Release date:\u00a0October\u00a026, 2022 ENHYPEN \u2013 Sadame (Japanese Album) [Standard Edition] Pre-Order Gift | Pre-Order Only &#8211; 1 Mini Photo ** Noticia importante : La caja \/ caja exterior es simplemente para proteger la mercanc\u00eda. (Los da\u00f1os como ara\u00f1azos o decoloraci\u00f3n de la carcasa \/ caja no est\u00e1n cubiertos).<\/p>\n","protected":false},"featured_media":34152,"template":"","meta":[],"product_brand":[],"product_cat":[7225,4400],"product_tag":[7460],"class_list":{"0":"post-10471","1":"product","2":"type-product","3":"status-publish","4":"has-post-thumbnail","6":"product_cat-album-2","7":"product_cat-kstoryfromkorea","8":"product_tag-enhypen","10":"first","11":"outofstock","12":"taxable","13":"shipping-taxable","14":"purchasable","15":"product-type-simple"},"jetpack_sharing_enabled":true,"_links":{"self":[{"href":"https:\/\/kstoryespana.com\/es\/wp-json\/wp\/v2\/product\/10471","targetHints":{"allow":["GET"]}}],"collection":[{"href":"https:\/\/kstoryespana.com\/es\/wp-json\/wp\/v2\/product"}],"about":[{"href":"https:\/\/kstoryespana.com\/es\/wp-json\/wp\/v2\/types\/product"}],"wp:featuredmedia":[{"embeddable":true,"href":"https:\/\/kstoryespana.com\/es\/wp-json\/wp\/v2\/media\/34152"}],"wp:attachment":[{"href":"https:\/\/kstoryespana.com\/es\/wp-json\/wp\/v2\/media?parent=10471"}],"wp:term":[{"taxonomy":"product_brand","embeddable":true,"href":"https:\/\/kstoryespana.com\/es\/wp-json\/wp\/v2\/product_brand?post=10471"},{"taxonomy":"product_cat","embeddable":true,"href":"https:\/\/kstoryespana.com\/es\/wp-json\/wp\/v2\/product_cat?post=10471"},{"taxonomy":"product_tag","embeddable":true,"href":"https:\/\/kstoryespana.com\/es\/wp-json\/wp\/v2\/product_tag?post=10471"}],"curies":[{"name":"wp","href":"https:\/\/api.w.org\/{rel}","templated":true}]}}