{"id":103126,"date":"2026-05-03T09:50:05","date_gmt":"2026-05-03T07:50:05","guid":{"rendered":""},"modified":"2026-05-03T21:44:42","modified_gmt":"2026-05-03T19:44:42","slug":"seventeen-yakusoku-2026-japan-fanmeeting-llavero-oficial-md-ribbon","status":"publish","type":"product","link":"https:\/\/kstoryespana.com\/es\/product\/seventeen-yakusoku-2026-japan-fanmeeting-official-md-ribbon-keyring\/","title":{"rendered":"[Pre-Order] SEVENTEEN &#8211; YAKUSOKU 2026 JAPAN FANMEETING OFFICIAL MD RIBBON KEYRING"},"content":{"rendered":"<p style=\"text-align: center;\"><meta charset=\"utf-8\"><b>Fecha de lanzamiento: 14 de septiembre de 2026\u00a0<\/b><\/p>\n<p><!-- split --><\/p>\n<div style=\"text-align: center;\"><strong><strong><br \/><\/strong><\/strong><\/div>\n<ul>\n<li style=\"text-align: center;\"><strong><span style=\"color: #000000;\"><span style=\"color: #000000;\"><span style=\"color: #ff8000;\"><span style=\"color: #000000;\">SEVENTEEN - YAKUSOKU 2026 JAPAN FANMEETING LLAVERO OFICIAL MD RIBBON\n<p><\/span><\/span><\/span><\/span><\/strong><\/li>\n<li style=\"text-align: center;\">\n<strong><span style=\"color: #000000;\"><span style=\"color: #000000;\"><span style=\"color: #ff8000;\"><span style=\"color: #000000;\">TAMA\u00d1O:<\/span><\/span><\/span><\/span><\/strong><span style=\"color: #000000;\"><span style=\"color: #000000;\"><span style=\"color: #ff8000;\"><span style=\"color: #000000;\">CINTA: W0.3~1cm x H14cm, PIEZAS DE CUENCA: W2cm x H11cm x D1.3cm <br \/>LARGO TOTAL: 15,5 cm<\/span><\/span><\/span><\/span>\n<\/li>\n<li style=\"text-align: center;\">\n<strong><span style=\"color: #000000;\"><span style=\"color: #000000;\"><span style=\"color: #ff8000;\"><span style=\"color: #000000;\">MATERIAL: <\/span><\/span><\/span><\/span><\/strong><span style=\"color: #000000;\"><span style=\"color: #000000;\"><span style=\"color: #ff8000;\"><span style=\"color: #000000;\">POLI\u00c9STER, ACR\u00cdLICO, ACERO, ALEACI\u00d3N DE ZINC, INOXIDABLE<\/span><\/span><\/span><\/span><strong><span style=\"color: #000000;\"><span style=\"color: #000000;\"><span style=\"color: #ff8000;\"><span style=\"color: #000000;\"><\/p>\n<p><span style=\"color: #ff8000;\"><span style=\"color: #000000;\"><span style=\"color: rgb(255, 42, 0);\">**Tenga en cuenta que, dependiendo de las circunstancias del proveedor, este producto podr\u00eda no ser elegible para cancelaci\u00f3n una vez realizado el pedido.**<\/span><\/span><\/span><br \/><img decoding=\"async\" src=\"https:\/\/cdn.shopify.com\/s\/files\/1\/2282\/8555\/files\/RIBBON_KEYRING_DE.png?v=1777535371\" style=\"max-width: 100%;\"><\/p>\n<p><\/span><\/span><\/span><\/span><\/strong>\n<\/li>\n<\/ul>","protected":false},"excerpt":{"rendered":"<p>Release date: September 14th, 2026\u00a0 SEVENTEEN &#8211; YAKUSOKU 2026 JAPAN FANMEETING OFFICIAL MD RIBBON KEYRING SIZE :RIBBON: W0.3~1cm x H14cm, BEAD PARTS: W2cm x H11cm x D1.3cm FULL LENGTH: 15.5cm MATERIAL : POLYESTER, ACRYLIC, STEEL, ZINC ALLOY, STAINLESS **Please note that, depending on the supplier&#8217;s circumstances, this product may not be eligible for cancellation after [&hellip;]<\/p>\n","protected":false},"featured_media":103149,"template":"","meta":[],"product_brand":[4536],"product_cat":[7226,4400],"product_tag":[6756,6930],"class_list":{"0":"post-103126","1":"product","2":"type-product","3":"status-publish","4":"has-post-thumbnail","6":"product_brand-stock-in-korea","7":"product_cat-merch-2","8":"product_cat-kstoryfromkorea","9":"product_tag-preorder","10":"product_tag-seventeen","12":"first","13":"instock","14":"taxable","15":"shipping-taxable","16":"purchasable","17":"product-type-simple"},"jetpack_sharing_enabled":true,"_links":{"self":[{"href":"https:\/\/kstoryespana.com\/es\/wp-json\/wp\/v2\/product\/103126","targetHints":{"allow":["GET"]}}],"collection":[{"href":"https:\/\/kstoryespana.com\/es\/wp-json\/wp\/v2\/product"}],"about":[{"href":"https:\/\/kstoryespana.com\/es\/wp-json\/wp\/v2\/types\/product"}],"wp:featuredmedia":[{"embeddable":true,"href":"https:\/\/kstoryespana.com\/es\/wp-json\/wp\/v2\/media\/103149"}],"wp:attachment":[{"href":"https:\/\/kstoryespana.com\/es\/wp-json\/wp\/v2\/media?parent=103126"}],"wp:term":[{"taxonomy":"product_brand","embeddable":true,"href":"https:\/\/kstoryespana.com\/es\/wp-json\/wp\/v2\/product_brand?post=103126"},{"taxonomy":"product_cat","embeddable":true,"href":"https:\/\/kstoryespana.com\/es\/wp-json\/wp\/v2\/product_cat?post=103126"},{"taxonomy":"product_tag","embeddable":true,"href":"https:\/\/kstoryespana.com\/es\/wp-json\/wp\/v2\/product_tag?post=103126"}],"curies":[{"name":"wp","href":"https:\/\/api.w.org\/{rel}","templated":true}]}}