{"id":10150,"date":"2025-05-27T21:56:32","date_gmt":"2025-05-27T21:56:32","guid":{"rendered":"https:\/\/kstoryespana.com\/?product=enhypen-billboard-korea-enhypens-coachella-debut-commemorative-limited-edition-special-issue"},"modified":"2026-05-03T21:23:41","modified_gmt":"2026-05-03T19:23:41","slug":"enhypen-billboard-korea-enhypen-s-coachella-debut-edicion-especial-limitada-conmemorativa-portada-del-grupo","status":"publish","type":"product","link":"https:\/\/kstoryespana.com\/es\/product\/enhypen-billboard-korea-enhypen-s-coachella-debut-commemorative-limited-edition-special-issue-group-cover\/","title":{"rendered":"ENHYPEN - BILLBOARD KOREA : EDICI\u00d3N ESPECIAL LIMITADA CONMEMORATIVA DEL DEBUT DE ENHYPEN EN COACHELLA"},"content":{"rendered":"<p><!-- split --><\/p>\n<div style=\"text-align: center;\">\n<div>\n<div>\n<div>\n<strong>Fecha de publicaci\u00f3n: 17 de abril<\/strong><strong>, 2025<\/strong><br \/><strong><span style=\"color: rgb(255, 42, 0);\">*La fecha de lanzamiento podr\u00eda variar en funci\u00f3n del proceso de producci\u00f3n del fabricante.<\/span><\/strong>\n<\/div>\n<\/div>\n<\/div>\n<\/div>\n<ul style=\"text-align: center;\">\n<li><strong>ENHYPEN - BILLBOARD KOREA : EDICI\u00d3N ESPECIAL LIMITADA CONMEMORATIVA DEL DEBUT DE ENHYPEN EN COACHELLA\n<p><\/strong><\/li>\n<li>\n<strong>REGALO ESPECIAL DE PRE-PEDIDO\u3163PRE-ORDER ONLY<br \/><\/strong><span style=\"color: rgb(0, 0, 0);\">\u2013\u00a0<\/span><span style=\"color: rgb(255, 42, 0);\"><span style=\"color: rgb(0, 0, 0);\">1 postal (AL AZAR 1 DE 7)<\/span><\/span><strong><span style=\"color: rgb(255, 42, 0);\"><br \/><\/span><br \/><\/strong><strong><img decoding=\"async\" alt=\"\" src=\"https:\/\/cdn.shopify.com\/s\/files\/1\/2282\/8555\/files\/Copy_of_INSTAGRAM_POST_2.png?v=1742540334\"><\/p>\n<p><\/strong>\n<\/li>\n<li><strong>Contenido:<br \/>- CUBIERTA DE ENHYPEN\n<p><\/strong><\/li>\n<li><strong>Idioma: COREANO<\/strong><\/li>\n<\/ul>","protected":false},"excerpt":{"rendered":"<p>Release date: April 17th, 2025*The release date could be changed depending on the production process of the manufacturer.* ENHYPEN &#8211; BILLBOARD KOREA : ENHYPEN&#8217;S COACHELLA DEBUT COMMEMORATIVE LIMITED EDITION SPECIAL ISSUE PRE-ORDER SPECIAL GIFT\u3163PRE-ORDER ONLY&#8211;\u00a01 postcard (RANDOM 1 OUT OF 7) Content:&#8211; ENHYPEN COVER Language: KOREAN<\/p>","protected":false},"featured_media":33951,"template":"","meta":[],"product_brand":[4535],"product_cat":[7227,4403],"product_tag":[7460],"class_list":{"0":"post-10150","1":"product","2":"type-product","3":"status-publish","4":"has-post-thumbnail","6":"product_brand-stock-in-spain","7":"product_cat-magazine-2","8":"product_cat-kstoryespana","9":"product_tag-enhypen","11":"first","12":"instock","13":"taxable","14":"shipping-taxable","15":"purchasable","16":"product-type-variable"},"_links":{"self":[{"href":"https:\/\/kstoryespana.com\/es\/wp-json\/wp\/v2\/product\/10150","targetHints":{"allow":["GET"]}}],"collection":[{"href":"https:\/\/kstoryespana.com\/es\/wp-json\/wp\/v2\/product"}],"about":[{"href":"https:\/\/kstoryespana.com\/es\/wp-json\/wp\/v2\/types\/product"}],"wp:featuredmedia":[{"embeddable":true,"href":"https:\/\/kstoryespana.com\/es\/wp-json\/wp\/v2\/media\/33951"}],"wp:attachment":[{"href":"https:\/\/kstoryespana.com\/es\/wp-json\/wp\/v2\/media?parent=10150"}],"wp:term":[{"taxonomy":"product_brand","embeddable":true,"href":"https:\/\/kstoryespana.com\/es\/wp-json\/wp\/v2\/product_brand?post=10150"},{"taxonomy":"product_cat","embeddable":true,"href":"https:\/\/kstoryespana.com\/es\/wp-json\/wp\/v2\/product_cat?post=10150"},{"taxonomy":"product_tag","embeddable":true,"href":"https:\/\/kstoryespana.com\/es\/wp-json\/wp\/v2\/product_tag?post=10150"}],"curies":[{"name":"wp","href":"https:\/\/api.w.org\/{rel}","templated":true}]}}