{"id":10061,"date":"2025-05-27T21:56:09","date_gmt":"2025-05-27T21:56:09","guid":{"rendered":"https:\/\/kstoryespana.com\/?product=drippin-2nd-single-album-villain-zero"},"modified":"2026-05-03T21:23:27","modified_gmt":"2026-05-03T19:23:27","slug":"pre-order-drippin-2nd-single-album-villain-zero","status":"publish","type":"product","link":"https:\/\/kstoryespana.com\/es\/product\/pre-order-drippin-2nd-single-album-villain-zero\/","title":{"rendered":"DRIPPIN &#8211; 2nd Single Album [Villain : ZERO]"},"excerpt":{"rendered":"<p>Release date: June\u00a016, 2022 DRIPPIN &#8211; 2nd Single Album [Villain : ZERO] Pre-Order Gift | Pre-order only : 1 Poster ** Noticia importante : La caja \/ caja exterior es simplemente para proteger la mercanc\u00eda. (Los da\u00f1os como ara\u00f1azos o decoloraci\u00f3n de la carcasa \/ caja no est\u00e1n cubiertos).<\/p>\n","protected":false},"featured_media":33891,"template":"","meta":[],"product_brand":[],"product_cat":[7225,4400],"product_tag":[7453],"class_list":{"0":"post-10061","1":"product","2":"type-product","3":"status-publish","4":"has-post-thumbnail","6":"product_cat-album-2","7":"product_cat-kstoryfromkorea","8":"product_tag-drippin","10":"first","11":"instock","12":"taxable","13":"shipping-taxable","14":"purchasable","15":"product-type-simple"},"jetpack_sharing_enabled":true,"_links":{"self":[{"href":"https:\/\/kstoryespana.com\/es\/wp-json\/wp\/v2\/product\/10061","targetHints":{"allow":["GET"]}}],"collection":[{"href":"https:\/\/kstoryespana.com\/es\/wp-json\/wp\/v2\/product"}],"about":[{"href":"https:\/\/kstoryespana.com\/es\/wp-json\/wp\/v2\/types\/product"}],"wp:featuredmedia":[{"embeddable":true,"href":"https:\/\/kstoryespana.com\/es\/wp-json\/wp\/v2\/media\/33891"}],"wp:attachment":[{"href":"https:\/\/kstoryespana.com\/es\/wp-json\/wp\/v2\/media?parent=10061"}],"wp:term":[{"taxonomy":"product_brand","embeddable":true,"href":"https:\/\/kstoryespana.com\/es\/wp-json\/wp\/v2\/product_brand?post=10061"},{"taxonomy":"product_cat","embeddable":true,"href":"https:\/\/kstoryespana.com\/es\/wp-json\/wp\/v2\/product_cat?post=10061"},{"taxonomy":"product_tag","embeddable":true,"href":"https:\/\/kstoryespana.com\/es\/wp-json\/wp\/v2\/product_tag?post=10061"}],"curies":[{"name":"wp","href":"https:\/\/api.w.org\/{rel}","templated":true}]}}