{"id":10015,"date":"2025-05-27T21:55:58","date_gmt":"2025-05-27T21:55:58","guid":{"rendered":"https:\/\/kstoryespana.com\/?product=dreamcatcher-summer-holiday-standard-version"},"modified":"2026-05-03T20:33:48","modified_gmt":"2026-05-03T18:33:48","slug":"dreamcatcher-summer-holiday-standard-version","status":"publish","type":"product","link":"https:\/\/kstoryespana.com\/es\/producto\/dreamcatcher-summer-holiday-standard-version\/","title":{"rendered":"DREAMCATCHER &#8211; Summer Holiday Standard Version"},"content":{"rendered":"<div style=\"text-align: center;\">\n<span style=\"color: #000000;\"> <strong>Release date:<\/strong><\/span><strong><span style=\"color: #000000;\"><span style=\"color: #ff2a00;\">\u00a0July\u00a030th 2021.\u00a0<\/span><\/span><\/strong>\n<\/div>\n<div style=\"text-align: center;\"><span style=\"color: #000000;\"><strong><span style=\"color: #000000;\"><\/span><\/strong><\/span><\/div>\n<div><\/div>\n<ul data-mce-fragment=\"1\">\n<li data-mce-fragment=\"1\"><strong>DREAMCATCHER &#8211; Summer Holiday Standard Version<\/strong><\/li>\n<\/ul>\n<ul data-mce-fragment=\"1\">\n<li>\n<b>Noticia important :<\/b><br \/> <b>La caja \/ caja exterior es simplemente para proteger la mercanc\u00eda. (Los da\u00f1os como ara\u00f1azos o decoloraci\u00f3n de la carcasa \/ caja no est\u00e1n cubiertos).<\/b>\n<\/li>\n<\/ul>\n<p><\/p>\n<p><img decoding=\"async\" alt=\"\" src=\"https:\/\/cdn.shopify.com\/s\/files\/1\/0579\/9454\/3257\/files\/Summer-Holiday.jpg?v=1650285730\"><\/p>","protected":false},"excerpt":{"rendered":"<p>Release date:\u00a0July\u00a030th 2021.\u00a0 DREAMCATCHER &#8211; Summer Holiday Standard Version Noticia important : La caja \/ caja exterior es simplemente para proteger la mercanc\u00eda. (Los da\u00f1os como ara\u00f1azos o decoloraci\u00f3n de la carcasa \/ caja no est\u00e1n cubiertos).<\/p>","protected":false},"featured_media":33871,"template":"","meta":[],"product_brand":[4536],"product_cat":[7225,4400],"product_tag":[7451],"class_list":{"0":"post-10015","1":"product","2":"type-product","3":"status-publish","4":"has-post-thumbnail","6":"product_brand-stock-in-korea","7":"product_cat-album-2","8":"product_cat-kstoryfromkorea","9":"product_tag-dreamcatcher","11":"first","12":"instock","13":"taxable","14":"shipping-taxable","15":"purchasable","16":"product-type-variable"},"jetpack_sharing_enabled":true,"_links":{"self":[{"href":"https:\/\/kstoryespana.com\/es\/wp-json\/wp\/v2\/product\/10015","targetHints":{"allow":["GET"]}}],"collection":[{"href":"https:\/\/kstoryespana.com\/es\/wp-json\/wp\/v2\/product"}],"about":[{"href":"https:\/\/kstoryespana.com\/es\/wp-json\/wp\/v2\/types\/product"}],"wp:featuredmedia":[{"embeddable":true,"href":"https:\/\/kstoryespana.com\/es\/wp-json\/wp\/v2\/media\/33871"}],"wp:attachment":[{"href":"https:\/\/kstoryespana.com\/es\/wp-json\/wp\/v2\/media?parent=10015"}],"wp:term":[{"taxonomy":"product_brand","embeddable":true,"href":"https:\/\/kstoryespana.com\/es\/wp-json\/wp\/v2\/product_brand?post=10015"},{"taxonomy":"product_cat","embeddable":true,"href":"https:\/\/kstoryespana.com\/es\/wp-json\/wp\/v2\/product_cat?post=10015"},{"taxonomy":"product_tag","embeddable":true,"href":"https:\/\/kstoryespana.com\/es\/wp-json\/wp\/v2\/product_tag?post=10015"}],"curies":[{"name":"wp","href":"https:\/\/api.w.org\/{rel}","templated":true}]}}