{"id":43996,"date":"2025-05-29T23:52:36","date_gmt":"2025-05-29T21:52:36","guid":{"rendered":"https:\/\/kstoryespana.com\/metodos-de-pago\/"},"modified":"2026-04-24T00:10:01","modified_gmt":"2026-04-23T22:10:01","slug":"payment-methods","status":"publish","type":"page","link":"https:\/\/kstoryespana.com\/es\/payment-methods\/","title":{"rendered":"M\u00e9todos de pago"},"content":{"rendered":"<div data-elementor-type=\"wp-page\" data-elementor-id=\"43996\" class=\"elementor elementor-43996\" data-elementor-post-type=\"page\">\n\t\t\t\t<div class=\"elementor-element elementor-element-12444dbe e-con-full e-flex e-con e-parent\" data-id=\"12444dbe\" data-element_type=\"container\" data-e-type=\"container\">\n\t\t\t\t<div class=\"elementor-element elementor-element-8b25e18 elementor-widget elementor-widget-spacer\" data-id=\"8b25e18\" data-element_type=\"widget\" data-e-type=\"widget\" data-widget_type=\"spacer.default\">\n\t\t\t\t<div class=\"elementor-widget-container\">\n\t\t\t\t\t\t\t<div class=\"elementor-spacer\">\n\t\t\t<div class=\"elementor-spacer-inner\"><\/div>\n\t\t<\/div>\n\t\t\t\t\t\t<\/div>\n\t\t\t\t<\/div>\n\t\t\t\t<div class=\"elementor-element elementor-element-0d27d51 elementor-widget elementor-widget-html\" data-id=\"0d27d51\" data-element_type=\"widget\" data-e-type=\"widget\" data-widget_type=\"html.default\">\n\t\t\t\t<div class=\"elementor-widget-container\">\n\t\t\t\t\t<!-- ============================================\n     KStory Espa\u00f1a \u2014 Payment Methods (EN + ES combined)\n     TranslatePress-ready\n============================================ -->\n\n<style>\n.kstory-payment-wrap { max-width: 900px; margin: 0 auto; padding: 40px 20px; font-family: 'Inter', -apple-system, BlinkMacSystemFont, 'Segoe UI', sans-serif; color: #1a1a2e; line-height: 1.6; }\n.kstory-payment-wrap h2 { font-size: 28px; font-weight: 800; color: #0066cc; margin: 0 0 12px; text-align: center; }\n.kstory-payment-wrap .kstory-payment-intro { text-align: center; font-size: 15px; color: #555; margin-bottom: 32px; }\n.kstory-payment-method { background: #f8f9fc; border-left: 4px solid #0066cc; border-radius: 8px; padding: 20px 24px; margin-bottom: 18px; }\n.kstory-payment-method h3 { font-size: 18px; font-weight: 700; color: #0f0f2e; margin: 0 0 8px; display: flex; align-items: center; gap: 10px; }\n.kstory-payment-method h3 .kstory-num { display: inline-flex; width: 28px; height: 28px; border-radius: 50%; background: #0066cc; color: #fff; font-size: 14px; font-weight: 700; align-items: center; justify-content: center; }\n.kstory-payment-method p { margin: 0 0 8px; font-size: 14px; color: #333; }\n.kstory-bank-details { background: #fff; border: 1px dashed #cbd5e1; border-radius: 6px; padding: 12px 16px; margin-top: 10px; font-family: 'Menlo', 'Consolas', monospace; font-size: 13px; }\n.kstory-bank-details strong { color: #0066cc; font-family: 'Inter', sans-serif; }\n.kstory-payment-note { font-size: 13px; color: #666; font-style: italic; margin-top: 8px; }\n<\/style>\n\n<!-- =============== ENGLISH =============== -->\n<div class=\"kstory-lang-en\" data-no-translation=\"\">\n<div class=\"kstory-payment-wrap\">\n    <h2>Payment Methods<\/h2>\n    <p class=\"kstory-payment-intro\">At KSTORY, we offer a variety of secure payment options to make your shopping experience smooth and convenient.<\/p>\n\n    <div class=\"kstory-payment-method\">\n        <h3><span class=\"kstory-num\">1<\/span> Credit and Debit Cards<\/h3>\n        <p>We accept all major credit and debit cards through our secure payment processor, including <strong>Visa, Mastercard, American Express, Maestro, and Discover<\/strong>. All transactions are encrypted and protected against fraud.<\/p>\n    <\/div>\n\n    <div class=\"kstory-payment-method\">\n        <h3><span class=\"kstory-num\">2<\/span> Apple Pay, Google Pay &amp; Amazon Pay<\/h3>\n        <p>Check out faster with one-tap payments. If you have <strong>Apple Pay<\/strong>, <strong>Google Pay<\/strong>, or <strong>Amazon Pay<\/strong> set up on your device, you can complete your purchase in seconds without entering your card details.<\/p>\n    <\/div>\n\n    <div class=\"kstory-payment-method\">\n        <h3><span class=\"kstory-num\">3<\/span> Bank Transfer<\/h3>\n        <p>You can transfer directly to our bank account. Your order will be scheduled for shipping once the payment is received.<\/p>\n        <div class=\"kstory-bank-details\">\n            <strong>Company:<\/strong> K Moment Europe SL<br>\n            <strong>IBAN:<\/strong> ES29 6888 0001 6321 7202 7575<br>\n            <strong>BIC:<\/strong> QNTOESB2XXX\n        <\/div>\n        <p class=\"kstory-payment-note\">Please include your order number as the transfer reference.<\/p>\n    <\/div>\n\n    <div class=\"kstory-payment-method\">\n        <h3><span class=\"kstory-num\">4<\/span> PayPal<\/h3>\n        <p>If you have a PayPal account, you can pay directly by logging into your PayPal account at checkout.<\/p>\n    <\/div>\n<\/div>\n<\/div>\n\n<!-- =============== SPANISH =============== -->\n<div class=\"kstory-lang-es\" data-no-translation=\"\">\n<div class=\"kstory-payment-wrap\">\n    <h2>M\u00e9todos de Pago<\/h2>\n    <p class=\"kstory-payment-intro\">En KSTORY ofrecemos una variedad de opciones de pago seguras para que tu experiencia de compra sea c\u00f3moda y sin complicaciones.<\/p>\n\n    <div class=\"kstory-payment-method\">\n        <h3><span class=\"kstory-num\">1<\/span> Tarjetas de Cr\u00e9dito y D\u00e9bito<\/h3>\n        <p>Aceptamos todas las principales tarjetas de cr\u00e9dito y d\u00e9bito a trav\u00e9s de nuestro procesador de pagos seguro, incluyendo <strong>Visa, Mastercard, American Express, Maestro y Discover<\/strong>. Todas las transacciones est\u00e1n cifradas y protegidas contra fraudes.<\/p>\n    <\/div>\n\n    <div class=\"kstory-payment-method\">\n        <h3><span class=\"kstory-num\">2<\/span> Apple Pay, Google Pay y Amazon Pay<\/h3>\n        <p>Paga m\u00e1s r\u00e1pido con un solo toque. Si tienes <strong>Apple Pay<\/strong>, <strong>Google Pay<\/strong> o <strong>Amazon Pay<\/strong> configurado en tu dispositivo, puedes completar la compra en segundos sin introducir los datos de tu tarjeta.<\/p>\n    <\/div>\n\n    <div class=\"kstory-payment-method\">\n        <h3><span class=\"kstory-num\">3<\/span> Transferencia Bancaria<\/h3>\n        <p>Puedes transferir directamente a nuestra cuenta bancaria. Tu pedido se programar\u00e1 para env\u00edo una vez recibido el pago.<\/p>\n        <div class=\"kstory-bank-details\">\n            <strong>La Sociedad:<\/strong> K Moment Europe SL<br>\n            <strong>IBAN:<\/strong> ES29 6888 0001 6321 7202 7575<br>\n            <strong>BIC:<\/strong> QNTOESB2XXX\n        <\/div>\n        <p class=\"kstory-payment-note\">Por favor, indica tu n\u00famero de pedido como concepto de la transferencia.<\/p>\n    <\/div>\n\n    <div class=\"kstory-payment-method\">\n        <h3><span class=\"kstory-num\">4<\/span> PayPal<\/h3>\n        <p>Si tienes una cuenta de PayPal, puedes pagar directamente iniciando sesi\u00f3n en tu cuenta de PayPal al finalizar la compra.<\/p>\n    <\/div>\n<\/div>\n<\/div>\t\t\t\t<\/div>\n\t\t\t\t<\/div>\n\t\t\t\t<\/div>\n\t\t\t\t<\/div>","protected":false},"excerpt":{"rendered":"<p>Payment Methods At KSTORY, we offer a variety of secure payment options to make your shopping experience smooth and convenient. 1 Credit and Debit Cards We accept all major credit and debit cards through our secure payment processor, including Visa, Mastercard, American Express, Maestro, and Discover. All transactions are encrypted and protected against fraud. 2 [&hellip;]<\/p>\n","protected":false},"author":1,"featured_media":0,"parent":0,"menu_order":0,"comment_status":"closed","ping_status":"closed","template":"","meta":{"footnotes":""},"class_list":["post-43996","page","type-page","status-publish","hentry"],"jetpack_sharing_enabled":true,"_links":{"self":[{"href":"https:\/\/kstoryespana.com\/es\/wp-json\/wp\/v2\/pages\/43996","targetHints":{"allow":["GET"]}}],"collection":[{"href":"https:\/\/kstoryespana.com\/es\/wp-json\/wp\/v2\/pages"}],"about":[{"href":"https:\/\/kstoryespana.com\/es\/wp-json\/wp\/v2\/types\/page"}],"author":[{"embeddable":true,"href":"https:\/\/kstoryespana.com\/es\/wp-json\/wp\/v2\/users\/1"}],"replies":[{"embeddable":true,"href":"https:\/\/kstoryespana.com\/es\/wp-json\/wp\/v2\/comments?post=43996"}],"version-history":[{"count":0,"href":"https:\/\/kstoryespana.com\/es\/wp-json\/wp\/v2\/pages\/43996\/revisions"}],"wp:attachment":[{"href":"https:\/\/kstoryespana.com\/es\/wp-json\/wp\/v2\/media?parent=43996"}],"curies":[{"name":"wp","href":"https:\/\/api.w.org\/{rel}","templated":true}]}}